{"id":3459,"date":"2024-04-27T11:43:40","date_gmt":"2024-04-27T09:43:40","guid":{"rendered":"https:\/\/192.168.1.141\/wordpress\/?page_id=3459"},"modified":"2024-04-27T11:44:23","modified_gmt":"2024-04-27T09:44:23","slug":"fulvio","status":"publish","type":"page","link":"https:\/\/alesor.synology.me\/wordpress\/?page_id=3459","title":{"rendered":"FULVIO"},"content":{"rendered":"<style>.elementor-3459 .elementor-element.elementor-element-3118556{--display:flex;}.elementor-widget-text-editor{font-family:var( --e-global-typography-text-font-family ), Sans-serif;font-weight:var( --e-global-typography-text-font-weight );color:var( --e-global-color-text );}.elementor-widget-text-editor.elementor-drop-cap-view-stacked .elementor-drop-cap{background-color:var( --e-global-color-primary );}.elementor-widget-text-editor.elementor-drop-cap-view-framed .elementor-drop-cap, .elementor-widget-text-editor.elementor-drop-cap-view-default .elementor-drop-cap{color:var( --e-global-color-primary );border-color:var( --e-global-color-primary );}.elementor-widget-image .widget-image-caption{color:var( --e-global-color-text );font-family:var( --e-global-typography-text-font-family ), Sans-serif;font-weight:var( --e-global-typography-text-font-weight );}<\/style>\t\t<div data-elementor-type=\"wp-page\" data-elementor-id=\"3459\" class=\"elementor elementor-3459\">\n\t\t\t\t<div class=\"elementor-element elementor-element-3118556 e-flex e-con-boxed e-con e-parent\" data-id=\"3118556\" data-element_type=\"container\" data-e-type=\"container\">\n\t\t\t\t\t<div class=\"e-con-inner\">\n\t\t\t\t<div class=\"elementor-element elementor-element-7fd1c9d elementor-widget elementor-widget-text-editor\" data-id=\"7fd1c9d\" data-element_type=\"widget\" data-e-type=\"widget\" data-widget_type=\"text-editor.default\">\n\t\t\t\t<div class=\"elementor-widget-container\">\n\t\t\t\t\t\t\t\t\t<p align=\"justify\">Fulvio \u00e8 un amico di vecchia data, infatti ci siamo conosciuti praticamente alla nascita, per questo \u00e8 una delle persone che posso dire di conoscere meglio, non usciamo sempre insieme, quindi magari non posso dirvi la sua ultima ragazza, per\u00f2, proprio per il fatto che ci conosciamo da una vita c&#8217;\u00e8 una sorta di fraternit\u00e0 implicita fra noi, andiamo d&#8217;accordo praticamente su tutto, e ci siamo fatti molte estati insieme a Santa Severa stando sempre a contatto, pesca, skateboard, bodysurf sono poche delle mode che abbiamo passato, altre per esempio le mini4wd, yoyo, carte pokemon, sparare ai gatti, ce le siamo passate tutte pur non essendo amici fissi, questo per dire che quando hai bisogno del Fulviaro, lui c&#8217;\u00e8.<br clear=\"all\" \/>A 16 anni abbiamo condiviso la passione per le moto, la decisione su quale prendere l&#8217;ho presa sentendo il suo parere, e lui \u00e8 stato il primo a vederla, dopo pochi minuti che l&#8217;avevo presa, e mi ricordo ancora che \u00e8 lui che mi ha trovato le chiavi quando le avevo perse, la sera stessa (ero riuscito a perderle tutte e tre visto che erano legate insieme). Anche lui ha trovato un periodo di splendore con la cagiva, che per\u00f2 causa un demente che non si \u00e8 fermato allo stop, non ha pi\u00f9 potuto riavere. Ora come ora lui fa parte di un gruppo di amici (i Flaminio Boys) col quale esco qualche volta e mi trovo bene, vista la nostra propensione a cercare di dare un senso alla nottata, anche se significa rimanere svegli fino a mattina presto anche solo girovagando per Roma..<br clear=\"all\" \/>In definitiva \u00e8 uno di quegli amici che ti rendi conto venire prima di tutto, ragazze incluse&#8230;\u00a0<\/p><p align=\"justify\">Chi \u00e8 il Fulvio un anno dopo?<br \/>Non \u00e8 cambiato, ci siamo frequentati poco e a me dispiace, ma d&#8217;altronde cominciamo ad essere adulti&#8230;<br \/>\u00a0\u00a0\u00a0\u00a0\u00a0\u00a0\u00a0\u00a0\u00a0\u00a0\u00a0\u00a0\u00a0\u00a0\u00a0\u00a0\u00a0\u00a0\u00a0\u00a0\u00a0\u00a0\u00a0\u00a0\u00a0\u00a0\u00a0\u00a0\u00a0\u00a0\u00a0\u00a0\u00a0\u00a0\u00a0\u00a0\u00a0\u00a0\u00a0\u00a0\u00a0\u00a0\u00a0\u00a0\u00a0\u00a0\u00a0\u00a0\u00a0\u00a0\u00a0\u00a0\u00a0\u00a0\u00a0\u00a0\u00a0\u00a0\u00a0\u00a0\u00a0\u00a0\u00a0\u00a0\u00a0\u00a0\u00a0\u00a0\u00a0\u00a0\u00a0\u00a0\u00a0\u00a0\u00a0\u00a0\u00a0\u00a0\u00a0\u00a0\u00a0\u00a0\u00a0\u00a0\u00a0\u00a0\u00a0\u00a0\u00a0\u00a0\u00a0\u00a0\u00a0\u00a0\u00a0\u00a0\u00a0\u00a0\u00a0\u00a0\u00a0\u00a0\u00a0\u00a0\u00a0\u00a0\u00a0\u00a0\u00a0\u00a0\u00a0\u00a0\u00a0\u00a0\u00a0\u00a0\u00a0\u00a0\u00a0\u00a0\u00a0\u00a0\u00a0\u00a0\u00a0\u00a0\u00a0\u00a0\u00a0\u00a0\u00a0\u00a0\u00a0\u00a0\u00a0Ciubo<\/p>\t\t\t\t\t\t\t\t<\/div>\n\t\t\t\t<\/div>\n\t\t\t\t<div class=\"elementor-element elementor-element-1a64ac6 elementor-widget elementor-widget-image\" data-id=\"1a64ac6\" data-element_type=\"widget\" data-e-type=\"widget\" data-widget_type=\"image.default\">\n\t\t\t\t<div class=\"elementor-widget-container\">\n\t\t\t\t\t\t\t\t\t\t\t\t\t\t\t<img fetchpriority=\"high\" decoding=\"async\" width=\"1608\" height=\"232\" src=\"https:\/\/alesor.synology.me\/wordpress\/wp-content\/uploads\/2024\/04\/Screenshot-2024-04-27-alle-11.43.55.png\" class=\"attachment-full size-full wp-image-3461\" alt=\"\" srcset=\"https:\/\/alesor.synology.me\/wordpress\/wp-content\/uploads\/2024\/04\/Screenshot-2024-04-27-alle-11.43.55.png 1608w, https:\/\/alesor.synology.me\/wordpress\/wp-content\/uploads\/2024\/04\/Screenshot-2024-04-27-alle-11.43.55-300x43.png 300w, https:\/\/alesor.synology.me\/wordpress\/wp-content\/uploads\/2024\/04\/Screenshot-2024-04-27-alle-11.43.55-1024x148.png 1024w, https:\/\/alesor.synology.me\/wordpress\/wp-content\/uploads\/2024\/04\/Screenshot-2024-04-27-alle-11.43.55-768x111.png 768w, https:\/\/alesor.synology.me\/wordpress\/wp-content\/uploads\/2024\/04\/Screenshot-2024-04-27-alle-11.43.55-1536x222.png 1536w\" sizes=\"(max-width: 1608px) 100vw, 1608px\" \/>\t\t\t\t\t\t\t\t\t\t\t\t\t\t\t<\/div>\n\t\t\t\t<\/div>\n\t\t\t\t\t<\/div>\n\t\t\t\t<\/div>\n\t\t\t\t<\/div>\n\t\t","protected":false},"excerpt":{"rendered":"<p>Fulvio \u00e8 un amico di vecchia data, infatti ci siamo conosciuti praticamente alla nascita, per questo \u00e8 una delle persone che posso dire di conoscere meglio, non usciamo sempre insieme, quindi magari non posso dirvi la sua ultima ragazza, per\u00f2, proprio per il fatto che ci conosciamo da una vita c&#8217;\u00e8 una sorta di fraternit\u00e0 [&hellip;]<\/p>\n","protected":false},"author":1,"featured_media":0,"parent":0,"menu_order":0,"comment_status":"closed","ping_status":"closed","template":"","meta":{"ngg_post_thumbnail":0,"footnotes":""},"wf_page_folders":[8],"class_list":["post-3459","page","type-page","status-publish","hentry"],"_links":{"self":[{"href":"https:\/\/alesor.synology.me\/wordpress\/index.php?rest_route=\/wp\/v2\/pages\/3459","targetHints":{"allow":["GET"]}}],"collection":[{"href":"https:\/\/alesor.synology.me\/wordpress\/index.php?rest_route=\/wp\/v2\/pages"}],"about":[{"href":"https:\/\/alesor.synology.me\/wordpress\/index.php?rest_route=\/wp\/v2\/types\/page"}],"author":[{"embeddable":true,"href":"https:\/\/alesor.synology.me\/wordpress\/index.php?rest_route=\/wp\/v2\/users\/1"}],"replies":[{"embeddable":true,"href":"https:\/\/alesor.synology.me\/wordpress\/index.php?rest_route=%2Fwp%2Fv2%2Fcomments&post=3459"}],"version-history":[{"count":7,"href":"https:\/\/alesor.synology.me\/wordpress\/index.php?rest_route=\/wp\/v2\/pages\/3459\/revisions"}],"predecessor-version":[{"id":3467,"href":"https:\/\/alesor.synology.me\/wordpress\/index.php?rest_route=\/wp\/v2\/pages\/3459\/revisions\/3467"}],"wp:attachment":[{"href":"https:\/\/alesor.synology.me\/wordpress\/index.php?rest_route=%2Fwp%2Fv2%2Fmedia&parent=3459"}],"wp:term":[{"taxonomy":"wf_page_folders","embeddable":true,"href":"https:\/\/alesor.synology.me\/wordpress\/index.php?rest_route=%2Fwp%2Fv2%2Fwf_page_folders&post=3459"}],"curies":[{"name":"wp","href":"https:\/\/api.w.org\/{rel}","templated":true}]}}