{"id":3443,"date":"2024-04-27T11:40:31","date_gmt":"2024-04-27T09:40:31","guid":{"rendered":"https:\/\/192.168.1.141\/wordpress\/?page_id=3443"},"modified":"2024-04-27T11:42:02","modified_gmt":"2024-04-27T09:42:02","slug":"jean-carl","status":"publish","type":"page","link":"https:\/\/alesor.synology.me\/wordpress\/?page_id=3443","title":{"rendered":"JEAN-CARL"},"content":{"rendered":"<style>.elementor-3443 .elementor-element.elementor-element-26b825a{--display:flex;}.elementor-widget-text-editor{font-family:var( --e-global-typography-text-font-family ), Sans-serif;font-weight:var( --e-global-typography-text-font-weight );color:var( --e-global-color-text );}.elementor-widget-text-editor.elementor-drop-cap-view-stacked .elementor-drop-cap{background-color:var( --e-global-color-primary );}.elementor-widget-text-editor.elementor-drop-cap-view-framed .elementor-drop-cap, .elementor-widget-text-editor.elementor-drop-cap-view-default .elementor-drop-cap{color:var( --e-global-color-primary );border-color:var( --e-global-color-primary );}.elementor-widget-image .widget-image-caption{color:var( --e-global-color-text );font-family:var( --e-global-typography-text-font-family ), Sans-serif;font-weight:var( --e-global-typography-text-font-weight );}<\/style>\t\t<div data-elementor-type=\"wp-page\" data-elementor-id=\"3443\" class=\"elementor elementor-3443\">\n\t\t\t\t<div class=\"elementor-element elementor-element-26b825a e-flex e-con-boxed e-con e-parent\" data-id=\"26b825a\" data-element_type=\"container\" data-e-type=\"container\">\n\t\t\t\t\t<div class=\"e-con-inner\">\n\t\t\t\t<div class=\"elementor-element elementor-element-00ccc1f elementor-widget elementor-widget-text-editor\" data-id=\"00ccc1f\" data-element_type=\"widget\" data-e-type=\"widget\" data-widget_type=\"text-editor.default\">\n\t\t\t\t<div class=\"elementor-widget-container\">\n\t\t\t\t\t\t\t\t\t<p align=\"justify\">Jean-Carl,\u00a0ottiene il suo soprannome per due motivi: la prima parte \u00e8 presa dalla passione per la casa automobilistica Ferrari e\u00a0soprattutto da uno dei suoi uomini chiave, JEAN Todt; la seconda parte, invece, deriva dal suo cognome, ossia Di CARLo. Quindi unendo le due cose si ottiene Jean-Carl.<br \/>Il nome che hanno scelto i suoi genitori in realt\u00e0 \u00e8 Fabio, e all&#8217;anagrafe \u00e8 riconosciuto come Fabio Di Carlo. Nato il 25 luglio 1987 ottine la maturit\u00e0 scientifica al Talete, con un voto alquanto alto e vergognoso (non ci riusciamo a capacitare di come sia riuscito ad ottenerlo). Adesso frequenta la facolt\u00e0 di Fisica de La Sapienza.<br \/>Fabio \u00e8 un ragazzo dotato di grande gentilezza ed altruismo, ma spesso inizia dei terribili dibattiti con chiunque osi contraddirlo riguardo alla politica; sinistroide convinto non accetta di iniziare una carriera scout nell&#8217;onorabile corpo degli AGESCI\u00a0e cos\u00ec si iscrive ai CNGEI, corpo nazionale giovani esploratori ed esploratrici italiani laci. La sua carriera prosegue ancora oggi.<br \/>Riesce ad avere questo ministero grazie alla sua grande indecisione, che lo pone sempre a tramutare anche semplici scelte in grandi questione amletiche. Possiamo prendere in esempio la scelta della sua facolt\u00e0, avvenuta solo qualche ora prima la chiusura delle iscrizioni ai corsi..<br \/>Possiamo consigliare di non giocare mai a carte, scacchi, dama o giochi da tavola, perch\u00e8 al suo turno il gioco si fermer\u00e0 inesorabilmente e ripartir\u00e0 solo molto tempo dopo; come non ricordare le partite a Tresette in classe, quando riuscivamo a malapena a finire una mano, grazie alla sua lentezza; ed impossibile dimenticare le partite di Risiko,\u00a0gioco gi\u00e0 di per se molto lento, \u00a0giocate con lui; e tante altre occasioni. Egli si sofferma su dei momenti ma, ancora adesso, non siamo riusciti a capire se egli si fermi a pensare o faccia solo finta..\u00a0<br \/><br \/>\u00a0\u00a0\u00a0\u00a0\u00a0\u00a0\u00a0\u00a0\u00a0\u00a0\u00a0\u00a0\u00a0\u00a0\u00a0\u00a0\u00a0\u00a0\u00a0\u00a0\u00a0\u00a0\u00a0\u00a0\u00a0\u00a0\u00a0\u00a0\u00a0\u00a0\u00a0\u00a0\u00a0\u00a0\u00a0\u00a0\u00a0\u00a0\u00a0\u00a0\u00a0\u00a0\u00a0\u00a0\u00a0\u00a0\u00a0\u00a0\u00a0\u00a0\u00a0\u00a0\u00a0\u00a0\u00a0\u00a0\u00a0\u00a0\u00a0\u00a0\u00a0\u00a0\u00a0\u00a0\u00a0\u00a0\u00a0\u00a0\u00a0\u00a0\u00a0\u00a0\u00a0\u00a0\u00a0\u00a0\u00a0\u00a0\u00a0\u00a0\u00a0\u00a0\u00a0\u00a0\u00a0\u00a0\u00a0\u00a0\u00a0\u00a0\u00a0\u00a0\u00a0\u00a0\u00a0\u00a0\u00a0\u00a0\u00a0\u00a0\u00a0\u00a0\u00a0\u00a0\u00a0\u00a0\u00a0\u00a0\u00a0\u00a0\u00a0\u00a0\u00a0\u00a0\u00a0\u00a0\u00a0\u00a0\u00a0\u00a0\u00a0\u00a0\u00a0\u00a0\u00a0\u00a0\u00a0\u00a0\u00a0\u00a0\u00a0\u00a0\u00a0\u00a0\u00a0Milord<\/p><p align=\"justify\">Chi \u00e8 Jean-Carl un anno dopo?<br \/>Non \u00e8 cambiato, manco la baba, \u00e8 sempre allo stesso livello<\/p><p align=\"justify\">\u00a0\u00a0\u00a0\u00a0\u00a0\u00a0\u00a0\u00a0\u00a0\u00a0\u00a0\u00a0\u00a0\u00a0\u00a0\u00a0\u00a0\u00a0\u00a0\u00a0\u00a0\u00a0\u00a0\u00a0\u00a0\u00a0\u00a0\u00a0\u00a0\u00a0\u00a0\u00a0\u00a0\u00a0\u00a0\u00a0\u00a0\u00a0\u00a0\u00a0\u00a0\u00a0\u00a0\u00a0\u00a0\u00a0\u00a0\u00a0\u00a0\u00a0\u00a0\u00a0\u00a0\u00a0\u00a0\u00a0\u00a0\u00a0\u00a0\u00a0\u00a0\u00a0\u00a0\u00a0\u00a0\u00a0\u00a0\u00a0\u00a0\u00a0\u00a0\u00a0\u00a0\u00a0\u00a0\u00a0\u00a0\u00a0\u00a0\u00a0\u00a0\u00a0\u00a0\u00a0\u00a0\u00a0\u00a0\u00a0\u00a0\u00a0\u00a0\u00a0\u00a0\u00a0\u00a0\u00a0\u00a0\u00a0\u00a0\u00a0\u00a0\u00a0\u00a0\u00a0\u00a0\u00a0\u00a0\u00a0\u00a0\u00a0\u00a0\u00a0\u00a0\u00a0\u00a0\u00a0\u00a0\u00a0\u00a0\u00a0\u00a0\u00a0\u00a0\u00a0\u00a0\u00a0\u00a0\u00a0\u00a0\u00a0\u00a0\u00a0\u00a0 Ciubo<\/p>\t\t\t\t\t\t\t\t<\/div>\n\t\t\t\t<\/div>\n\t\t\t\t<div class=\"elementor-element elementor-element-e9337d6 elementor-widget elementor-widget-image\" data-id=\"e9337d6\" data-element_type=\"widget\" data-e-type=\"widget\" data-widget_type=\"image.default\">\n\t\t\t\t<div class=\"elementor-widget-container\">\n\t\t\t\t\t\t\t\t\t\t\t\t\t\t\t<img fetchpriority=\"high\" decoding=\"async\" width=\"2556\" height=\"586\" src=\"https:\/\/alesor.synology.me\/wordpress\/wp-content\/uploads\/2024\/04\/Screenshot-2024-04-27-alle-11.40.55.png\" class=\"attachment-full size-full wp-image-3449\" alt=\"\" srcset=\"https:\/\/alesor.synology.me\/wordpress\/wp-content\/uploads\/2024\/04\/Screenshot-2024-04-27-alle-11.40.55.png 2556w, https:\/\/alesor.synology.me\/wordpress\/wp-content\/uploads\/2024\/04\/Screenshot-2024-04-27-alle-11.40.55-300x69.png 300w, https:\/\/alesor.synology.me\/wordpress\/wp-content\/uploads\/2024\/04\/Screenshot-2024-04-27-alle-11.40.55-1024x235.png 1024w, https:\/\/alesor.synology.me\/wordpress\/wp-content\/uploads\/2024\/04\/Screenshot-2024-04-27-alle-11.40.55-768x176.png 768w, https:\/\/alesor.synology.me\/wordpress\/wp-content\/uploads\/2024\/04\/Screenshot-2024-04-27-alle-11.40.55-1536x352.png 1536w, https:\/\/alesor.synology.me\/wordpress\/wp-content\/uploads\/2024\/04\/Screenshot-2024-04-27-alle-11.40.55-2048x470.png 2048w\" sizes=\"(max-width: 2556px) 100vw, 2556px\" \/>\t\t\t\t\t\t\t\t\t\t\t\t\t\t\t<\/div>\n\t\t\t\t<\/div>\n\t\t\t\t\t<\/div>\n\t\t\t\t<\/div>\n\t\t\t\t<\/div>\n\t\t","protected":false},"excerpt":{"rendered":"<p>Jean-Carl,\u00a0ottiene il suo soprannome per due motivi: la prima parte \u00e8 presa dalla passione per la casa automobilistica Ferrari e\u00a0soprattutto da uno dei suoi uomini chiave, JEAN Todt; la seconda parte, invece, deriva dal suo cognome, ossia Di CARLo. Quindi unendo le due cose si ottiene Jean-Carl.Il nome che hanno scelto i suoi genitori in [&hellip;]<\/p>\n","protected":false},"author":1,"featured_media":0,"parent":0,"menu_order":0,"comment_status":"closed","ping_status":"closed","template":"","meta":{"ngg_post_thumbnail":0,"footnotes":""},"wf_page_folders":[8],"class_list":["post-3443","page","type-page","status-publish","hentry"],"_links":{"self":[{"href":"https:\/\/alesor.synology.me\/wordpress\/index.php?rest_route=\/wp\/v2\/pages\/3443","targetHints":{"allow":["GET"]}}],"collection":[{"href":"https:\/\/alesor.synology.me\/wordpress\/index.php?rest_route=\/wp\/v2\/pages"}],"about":[{"href":"https:\/\/alesor.synology.me\/wordpress\/index.php?rest_route=\/wp\/v2\/types\/page"}],"author":[{"embeddable":true,"href":"https:\/\/alesor.synology.me\/wordpress\/index.php?rest_route=\/wp\/v2\/users\/1"}],"replies":[{"embeddable":true,"href":"https:\/\/alesor.synology.me\/wordpress\/index.php?rest_route=%2Fwp%2Fv2%2Fcomments&post=3443"}],"version-history":[{"count":7,"href":"https:\/\/alesor.synology.me\/wordpress\/index.php?rest_route=\/wp\/v2\/pages\/3443\/revisions"}],"predecessor-version":[{"id":3452,"href":"https:\/\/alesor.synology.me\/wordpress\/index.php?rest_route=\/wp\/v2\/pages\/3443\/revisions\/3452"}],"wp:attachment":[{"href":"https:\/\/alesor.synology.me\/wordpress\/index.php?rest_route=%2Fwp%2Fv2%2Fmedia&parent=3443"}],"wp:term":[{"taxonomy":"wf_page_folders","embeddable":true,"href":"https:\/\/alesor.synology.me\/wordpress\/index.php?rest_route=%2Fwp%2Fv2%2Fwf_page_folders&post=3443"}],"curies":[{"name":"wp","href":"https:\/\/api.w.org\/{rel}","templated":true}]}}