{"id":3431,"date":"2024-04-27T11:37:49","date_gmt":"2024-04-27T09:37:49","guid":{"rendered":"https:\/\/192.168.1.141\/wordpress\/?page_id=3431"},"modified":"2024-04-27T11:38:34","modified_gmt":"2024-04-27T09:38:34","slug":"giorgio","status":"publish","type":"page","link":"https:\/\/alesor.synology.me\/wordpress\/?page_id=3431","title":{"rendered":"GIORGIO"},"content":{"rendered":"<style>.elementor-3431 .elementor-element.elementor-element-dc251cd{--display:flex;}.elementor-widget-text-editor{font-family:var( --e-global-typography-text-font-family ), Sans-serif;font-weight:var( --e-global-typography-text-font-weight );color:var( --e-global-color-text );}.elementor-widget-text-editor.elementor-drop-cap-view-stacked .elementor-drop-cap{background-color:var( --e-global-color-primary );}.elementor-widget-text-editor.elementor-drop-cap-view-framed .elementor-drop-cap, .elementor-widget-text-editor.elementor-drop-cap-view-default .elementor-drop-cap{color:var( --e-global-color-primary );border-color:var( --e-global-color-primary );}.elementor-widget-image .widget-image-caption{color:var( --e-global-color-text );font-family:var( --e-global-typography-text-font-family ), Sans-serif;font-weight:var( --e-global-typography-text-font-weight );}<\/style>\t\t<div data-elementor-type=\"wp-page\" data-elementor-id=\"3431\" class=\"elementor elementor-3431\">\n\t\t\t\t<div class=\"elementor-element elementor-element-dc251cd e-flex e-con-boxed e-con e-parent\" data-id=\"dc251cd\" data-element_type=\"container\" data-e-type=\"container\">\n\t\t\t\t\t<div class=\"e-con-inner\">\n\t\t\t\t<div class=\"elementor-element elementor-element-d8d1e11 elementor-widget elementor-widget-text-editor\" data-id=\"d8d1e11\" data-element_type=\"widget\" data-e-type=\"widget\" data-widget_type=\"text-editor.default\">\n\t\t\t\t<div class=\"elementor-widget-container\">\n\t\t\t\t\t\t\t\t\t<p align=\"justify\">Giorgio Pagliaro, nato, per sfortuna sua (potete ridere di questa cosa) il 29 febbraio 1988; questo vuol dire che festeggia il suo compleanno ogni quattro anni. Nato anche lui a Roma e anche lui diplomatisi al liceo Talete, ma non nella gloriosa sezione G, bens\u00ec nella sfigatissima classe E.<br \/>E&#8217; uno degli ultimi arrivati in questa allegra brigata, ed infatti ha faticato un po&#8217; a farne parte completamente. Tutto \u00e8 iniziato quando il Milord volle tentare l&#8217;ardua impresa di unire due differenti gruppi di persone, cose che avvenne pian piano, ma che sembrava riuscire. Fin quando, in una burrascosa serata data all&#8217;alcool in quel di Cerveteri (potreste trovare qualche foto nella galleria) successe uno strano e inusuale fatto: Giorgio inizi\u00f2 una storia con Flaminia, la stessa persona che troverete alla voce ex-ragazze nella biografia del Pucia. Questa storia and\u00f2 avanti per un\u00a0discreto periodo, fin quando la suddetta ragazza non decise di far entrare Giorgio nella famiglia dei cervi e delle alci (chi vuol capire, capisca), perdendosi nell&#8217;inebriante charme del Kenzio. Questo provoc\u00f2 una profonda rottura: il povero piccolo, ma orgoglioso Giorgio da una parte, il terribile Kenzio dall&#8217;altra e la sventurata, ma colpevole Flaminia da tutt&#8217;altra parte.<br \/>Questo atto provoc\u00f2 terribili sventure che si ricucirono solo molti molti mesi dopo. Il povero Giorgio cerc\u00f2 di reagire e cerc\u00f2 un po&#8217; di conforto in un Dio, che secondo lui non lo aiut\u00f2. Ora Giorgio, mentre studia Ingegneria Informatica\u00a0 a Roma Tre, cerca di rispondere alle problematiche domande circa la religione e per questo gli \u00e8 stato dato quest&#8217;arduo ministero.<br \/>Dopotutto non cerca di fare altro che trovare un&#8217;altra ragazza per colmare quel vuoto che \u00e8 stato fatto. Per ora non \u00e8 riuscito nella sua impresa, ma distraendosi con basket, computer e cinema, sta tentando di risalire la china.<br \/>E&#8217; un bravo ragazzo e se lo trovate in panchina ad una partita di basket, per favore non lo evitate: salutate e perdete un po&#8217; del vostro tempo con lui&#8230;\u00a0<br \/><br \/>\u00a0\u00a0\u00a0\u00a0\u00a0\u00a0\u00a0\u00a0\u00a0\u00a0\u00a0\u00a0\u00a0\u00a0\u00a0\u00a0\u00a0\u00a0\u00a0\u00a0\u00a0\u00a0\u00a0\u00a0\u00a0\u00a0\u00a0\u00a0\u00a0\u00a0\u00a0\u00a0\u00a0\u00a0\u00a0\u00a0\u00a0\u00a0\u00a0\u00a0\u00a0\u00a0\u00a0\u00a0\u00a0\u00a0\u00a0\u00a0\u00a0\u00a0\u00a0\u00a0\u00a0\u00a0\u00a0\u00a0\u00a0\u00a0\u00a0\u00a0\u00a0\u00a0\u00a0\u00a0\u00a0\u00a0\u00a0\u00a0\u00a0\u00a0\u00a0\u00a0\u00a0\u00a0\u00a0\u00a0\u00a0\u00a0\u00a0\u00a0\u00a0\u00a0\u00a0\u00a0\u00a0\u00a0\u00a0\u00a0\u00a0\u00a0\u00a0\u00a0\u00a0\u00a0\u00a0\u00a0\u00a0\u00a0\u00a0\u00a0\u00a0\u00a0\u00a0\u00a0\u00a0\u00a0\u00a0\u00a0\u00a0\u00a0\u00a0\u00a0\u00a0\u00a0\u00a0\u00a0\u00a0\u00a0\u00a0\u00a0\u00a0\u00a0\u00a0\u00a0\u00a0\u00a0\u00a0\u00a0\u00a0\u00a0\u00a0\u00a0\u00a0\u00a0\u00a0Milord<\/p><p align=\"justify\">Chi \u00e8 Giorgio un anno dopo?<br \/>Bella domanda&#8230; non ci siamo praticamente pi\u00f9 visti, giusto 2 minuti all&#8217;oran, e l&#8217;idea che ho avuto \u00e8 che sotto l&#8217;influsso della ragazza sia\u00a0un ragazzo serio&#8230; maddai<\/p><p align=\"justify\">\u00a0\u00a0\u00a0\u00a0\u00a0\u00a0\u00a0\u00a0\u00a0\u00a0\u00a0\u00a0\u00a0\u00a0\u00a0\u00a0\u00a0\u00a0\u00a0\u00a0\u00a0\u00a0\u00a0\u00a0\u00a0\u00a0\u00a0\u00a0\u00a0\u00a0\u00a0\u00a0\u00a0\u00a0\u00a0\u00a0\u00a0\u00a0\u00a0\u00a0\u00a0\u00a0\u00a0\u00a0\u00a0\u00a0\u00a0\u00a0\u00a0\u00a0\u00a0\u00a0\u00a0\u00a0\u00a0\u00a0\u00a0\u00a0\u00a0\u00a0\u00a0\u00a0\u00a0\u00a0\u00a0\u00a0\u00a0\u00a0\u00a0\u00a0\u00a0\u00a0\u00a0\u00a0\u00a0\u00a0\u00a0\u00a0\u00a0\u00a0\u00a0\u00a0\u00a0\u00a0\u00a0\u00a0\u00a0\u00a0\u00a0\u00a0\u00a0\u00a0\u00a0\u00a0\u00a0\u00a0\u00a0\u00a0\u00a0\u00a0\u00a0\u00a0\u00a0\u00a0\u00a0\u00a0\u00a0\u00a0\u00a0\u00a0\u00a0\u00a0\u00a0\u00a0\u00a0\u00a0\u00a0\u00a0\u00a0\u00a0\u00a0\u00a0\u00a0\u00a0\u00a0\u00a0\u00a0\u00a0\u00a0\u00a0\u00a0\u00a0\u00a0\u00a0Ciubo\u00a0<\/p>\t\t\t\t\t\t\t\t<\/div>\n\t\t\t\t<\/div>\n\t\t\t\t<div class=\"elementor-element elementor-element-66704d3 elementor-widget elementor-widget-image\" data-id=\"66704d3\" data-element_type=\"widget\" data-e-type=\"widget\" data-widget_type=\"image.default\">\n\t\t\t\t<div class=\"elementor-widget-container\">\n\t\t\t\t\t\t\t\t\t\t\t\t\t\t\t<img fetchpriority=\"high\" decoding=\"async\" width=\"2514\" height=\"574\" src=\"https:\/\/alesor.synology.me\/wordpress\/wp-content\/uploads\/2024\/04\/Screenshot-2024-04-27-alle-11.38.14.png\" class=\"attachment-full size-full wp-image-3433\" alt=\"\" srcset=\"https:\/\/alesor.synology.me\/wordpress\/wp-content\/uploads\/2024\/04\/Screenshot-2024-04-27-alle-11.38.14.png 2514w, https:\/\/alesor.synology.me\/wordpress\/wp-content\/uploads\/2024\/04\/Screenshot-2024-04-27-alle-11.38.14-300x68.png 300w, https:\/\/alesor.synology.me\/wordpress\/wp-content\/uploads\/2024\/04\/Screenshot-2024-04-27-alle-11.38.14-1024x234.png 1024w, https:\/\/alesor.synology.me\/wordpress\/wp-content\/uploads\/2024\/04\/Screenshot-2024-04-27-alle-11.38.14-768x175.png 768w, https:\/\/alesor.synology.me\/wordpress\/wp-content\/uploads\/2024\/04\/Screenshot-2024-04-27-alle-11.38.14-1536x351.png 1536w, https:\/\/alesor.synology.me\/wordpress\/wp-content\/uploads\/2024\/04\/Screenshot-2024-04-27-alle-11.38.14-2048x468.png 2048w\" sizes=\"(max-width: 2514px) 100vw, 2514px\" \/>\t\t\t\t\t\t\t\t\t\t\t\t\t\t\t<\/div>\n\t\t\t\t<\/div>\n\t\t\t\t\t<\/div>\n\t\t\t\t<\/div>\n\t\t\t\t<\/div>\n\t\t","protected":false},"excerpt":{"rendered":"<p>Giorgio Pagliaro, nato, per sfortuna sua (potete ridere di questa cosa) il 29 febbraio 1988; questo vuol dire che festeggia il suo compleanno ogni quattro anni. Nato anche lui a Roma e anche lui diplomatisi al liceo Talete, ma non nella gloriosa sezione G, bens\u00ec nella sfigatissima classe E.E&#8217; uno degli ultimi arrivati in questa [&hellip;]<\/p>\n","protected":false},"author":1,"featured_media":0,"parent":0,"menu_order":0,"comment_status":"closed","ping_status":"closed","template":"","meta":{"ngg_post_thumbnail":0,"footnotes":""},"wf_page_folders":[8],"class_list":["post-3431","page","type-page","status-publish","hentry"],"_links":{"self":[{"href":"https:\/\/alesor.synology.me\/wordpress\/index.php?rest_route=\/wp\/v2\/pages\/3431","targetHints":{"allow":["GET"]}}],"collection":[{"href":"https:\/\/alesor.synology.me\/wordpress\/index.php?rest_route=\/wp\/v2\/pages"}],"about":[{"href":"https:\/\/alesor.synology.me\/wordpress\/index.php?rest_route=\/wp\/v2\/types\/page"}],"author":[{"embeddable":true,"href":"https:\/\/alesor.synology.me\/wordpress\/index.php?rest_route=\/wp\/v2\/users\/1"}],"replies":[{"embeddable":true,"href":"https:\/\/alesor.synology.me\/wordpress\/index.php?rest_route=%2Fwp%2Fv2%2Fcomments&post=3431"}],"version-history":[{"count":4,"href":"https:\/\/alesor.synology.me\/wordpress\/index.php?rest_route=\/wp\/v2\/pages\/3431\/revisions"}],"predecessor-version":[{"id":3436,"href":"https:\/\/alesor.synology.me\/wordpress\/index.php?rest_route=\/wp\/v2\/pages\/3431\/revisions\/3436"}],"wp:attachment":[{"href":"https:\/\/alesor.synology.me\/wordpress\/index.php?rest_route=%2Fwp%2Fv2%2Fmedia&parent=3431"}],"wp:term":[{"taxonomy":"wf_page_folders","embeddable":true,"href":"https:\/\/alesor.synology.me\/wordpress\/index.php?rest_route=%2Fwp%2Fv2%2Fwf_page_folders&post=3431"}],"curies":[{"name":"wp","href":"https:\/\/api.w.org\/{rel}","templated":true}]}}