{"id":3412,"date":"2024-04-27T11:33:46","date_gmt":"2024-04-27T09:33:46","guid":{"rendered":"https:\/\/192.168.1.141\/wordpress\/?page_id=3412"},"modified":"2024-04-27T11:34:36","modified_gmt":"2024-04-27T09:34:36","slug":"masa","status":"publish","type":"page","link":"https:\/\/alesor.synology.me\/wordpress\/?page_id=3412","title":{"rendered":"MASA"},"content":{"rendered":"<style>.elementor-3412 .elementor-element.elementor-element-15535aa{--display:flex;}.elementor-widget-text-editor{font-family:var( --e-global-typography-text-font-family ), Sans-serif;font-weight:var( --e-global-typography-text-font-weight );color:var( --e-global-color-text );}.elementor-widget-text-editor.elementor-drop-cap-view-stacked .elementor-drop-cap{background-color:var( --e-global-color-primary );}.elementor-widget-text-editor.elementor-drop-cap-view-framed .elementor-drop-cap, .elementor-widget-text-editor.elementor-drop-cap-view-default .elementor-drop-cap{color:var( --e-global-color-primary );border-color:var( --e-global-color-primary );}.elementor-widget-image .widget-image-caption{color:var( --e-global-color-text );font-family:var( --e-global-typography-text-font-family ), Sans-serif;font-weight:var( --e-global-typography-text-font-weight );}<\/style>\t\t<div data-elementor-type=\"wp-page\" data-elementor-id=\"3412\" class=\"elementor elementor-3412\">\n\t\t\t\t<div class=\"elementor-element elementor-element-15535aa e-flex e-con-boxed e-con e-parent\" data-id=\"15535aa\" data-element_type=\"container\" data-e-type=\"container\">\n\t\t\t\t\t<div class=\"e-con-inner\">\n\t\t\t\t<div class=\"elementor-element elementor-element-968b1b6 elementor-widget elementor-widget-text-editor\" data-id=\"968b1b6\" data-element_type=\"widget\" data-e-type=\"widget\" data-widget_type=\"text-editor.default\">\n\t\t\t\t<div class=\"elementor-widget-container\">\n\t\t\t\t\t\t\t\t\t<p align=\"justify\">Masa, conosciuto dalla polizia come Massimo D&#8217;Antonio, nato il 21 settembre 1987 si diploma con molti problemi e dopo aver girato numerosi istituti privati della capitale, ad una scuola di cui non ricordiamo il nome (Visconti o Santa Maria delle Grazie????), con il diploma di maturit\u00e0 classica.. (ma quale maturit\u00e0?!). Al momento frequenta la facolt\u00e0 di Legge all&#8217;universit\u00e0 di Roma Tre, dove ha iniziato una sfida personale con l&#8217;esame di Diritto Pubblico che per ora vince con il risultato di 4 a 0.<br \/>Il Masa non apparteneva al gruppo di gente del Talete, ma ne entrato a farne parte grazie all&#8217;amicizie giuste: egli conosceva il Milord fin dai tempi delle elementari, dato che frequentavano insieme, e il Kenzio, il Pucia e Federica dai tempi delle medie; quindi la sua entrata \u00e8 stata di diritto.. Ora fa parte completamente del Gruppo.<br \/>Masa, dopo anni di bruttezza durante le elementari e le medie, al liceo ottenne un gran successo di donne.<br \/>Le sue passioni sono molteplici: gioca a calcio, si diletta nel basket, ma raggiunge l&#8217;exploit con la palestra, che gli permette di costruirsi uno dei fisici pi\u00f9 imponenti della storia montemarina. Ora aspetta di diventare un personal trainer e nel frattempo si allena\u00a0 a fare lo steward allo stadio Olimpico.<br \/>L&#8217;amore pi\u00f9 caro che ha, e a pari dei suoi amici \u00e8 la magica Ford Fiesta, in arte MasaMobile, che coccola e difende come fosse una figlia. All&#8217;apparenza sembra un tipo rozzo e senza sentimento, ma se lo si conosce (e lo dice chi ormai lo conosce da 14 anni) si capisce che ha un cuore grande come una casa, non \u00e8 cattivo ne materiale come sembra, ma in grado di aiutare amici in difficolt\u00e0.<br \/>In fondo basta solo conoscerlo un po&#8217;&#8230;\u00a0<br \/><br \/>\u00a0\u00a0\u00a0\u00a0\u00a0\u00a0\u00a0\u00a0\u00a0\u00a0\u00a0\u00a0\u00a0\u00a0\u00a0\u00a0\u00a0\u00a0\u00a0\u00a0\u00a0\u00a0\u00a0\u00a0\u00a0\u00a0\u00a0\u00a0\u00a0\u00a0\u00a0\u00a0\u00a0\u00a0\u00a0\u00a0\u00a0\u00a0\u00a0\u00a0\u00a0\u00a0\u00a0\u00a0\u00a0\u00a0\u00a0\u00a0\u00a0\u00a0\u00a0\u00a0\u00a0\u00a0\u00a0\u00a0\u00a0\u00a0\u00a0\u00a0\u00a0\u00a0\u00a0\u00a0\u00a0\u00a0\u00a0\u00a0\u00a0\u00a0\u00a0\u00a0\u00a0\u00a0\u00a0\u00a0\u00a0\u00a0\u00a0\u00a0\u00a0\u00a0\u00a0\u00a0\u00a0\u00a0\u00a0\u00a0\u00a0\u00a0\u00a0\u00a0\u00a0\u00a0\u00a0\u00a0\u00a0\u00a0\u00a0\u00a0\u00a0\u00a0\u00a0\u00a0\u00a0\u00a0\u00a0\u00a0\u00a0\u00a0\u00a0\u00a0\u00a0\u00a0\u00a0\u00a0\u00a0\u00a0\u00a0\u00a0\u00a0\u00a0\u00a0\u00a0\u00a0\u00a0\u00a0\u00a0\u00a0\u00a0\u00a0\u00a0\u00a0\u00a0\u00a0Milord<\/p><p align=\"justify\">Chi \u00e8 il Masa un anno dopo?<br \/>Il Masa \u00e8 diventanto ultra cazzone in pochissimo tempo,\u00a0mi sembra dopo che si \u00e8 lasciato con Federica, sempre pronto ad uscire coi suoi amici,\u00a0anche solo per parlottare, sempre pronto ad andare a parco leonardo, il suo massimo \u00e8\u00a0sognare di avere tutte le donne\u00a0di questa terra, inventa un sacco di soprannomi, ad esempio &#8220;il Dildo d&#8217;oro&#8221;, oppure &#8220;penocchio&#8221;, la palestra ormai \u00e8 il suo regno, speriamo che quest&#8217;anno vada bene all&#8217;universit\u00e0&#8230;<\/p><p align=\"justify\">\u00a0\u00a0\u00a0\u00a0\u00a0\u00a0\u00a0\u00a0\u00a0\u00a0\u00a0\u00a0\u00a0\u00a0\u00a0\u00a0\u00a0\u00a0\u00a0\u00a0\u00a0\u00a0\u00a0\u00a0\u00a0\u00a0\u00a0\u00a0\u00a0\u00a0\u00a0\u00a0\u00a0\u00a0\u00a0\u00a0\u00a0\u00a0\u00a0\u00a0\u00a0\u00a0\u00a0\u00a0\u00a0\u00a0\u00a0\u00a0\u00a0\u00a0\u00a0\u00a0\u00a0\u00a0\u00a0\u00a0\u00a0\u00a0\u00a0\u00a0\u00a0\u00a0\u00a0\u00a0\u00a0\u00a0\u00a0\u00a0\u00a0\u00a0\u00a0\u00a0\u00a0\u00a0\u00a0\u00a0\u00a0\u00a0\u00a0\u00a0\u00a0\u00a0\u00a0\u00a0\u00a0\u00a0\u00a0\u00a0\u00a0\u00a0\u00a0\u00a0\u00a0\u00a0\u00a0\u00a0\u00a0\u00a0\u00a0\u00a0\u00a0\u00a0\u00a0\u00a0\u00a0\u00a0\u00a0\u00a0\u00a0\u00a0\u00a0\u00a0\u00a0\u00a0\u00a0\u00a0\u00a0\u00a0\u00a0\u00a0\u00a0\u00a0\u00a0\u00a0\u00a0\u00a0\u00a0\u00a0\u00a0\u00a0\u00a0\u00a0\u00a0 Ciubo<\/p>\t\t\t\t\t\t\t\t<\/div>\n\t\t\t\t<\/div>\n\t\t\t\t<div class=\"elementor-element elementor-element-63cbe77 elementor-widget elementor-widget-image\" data-id=\"63cbe77\" data-element_type=\"widget\" data-e-type=\"widget\" data-widget_type=\"image.default\">\n\t\t\t\t<div class=\"elementor-widget-container\">\n\t\t\t\t\t\t\t\t\t\t\t\t\t\t\t<img fetchpriority=\"high\" decoding=\"async\" width=\"800\" height=\"196\" src=\"https:\/\/alesor.synology.me\/wordpress\/wp-content\/uploads\/2024\/04\/Screenshot-2024-04-27-alle-11.34.11-1024x251.png\" class=\"attachment-large size-large wp-image-3414\" alt=\"\" srcset=\"https:\/\/alesor.synology.me\/wordpress\/wp-content\/uploads\/2024\/04\/Screenshot-2024-04-27-alle-11.34.11-1024x251.png 1024w, https:\/\/alesor.synology.me\/wordpress\/wp-content\/uploads\/2024\/04\/Screenshot-2024-04-27-alle-11.34.11-300x73.png 300w, https:\/\/alesor.synology.me\/wordpress\/wp-content\/uploads\/2024\/04\/Screenshot-2024-04-27-alle-11.34.11-768x188.png 768w, https:\/\/alesor.synology.me\/wordpress\/wp-content\/uploads\/2024\/04\/Screenshot-2024-04-27-alle-11.34.11-1536x376.png 1536w, https:\/\/alesor.synology.me\/wordpress\/wp-content\/uploads\/2024\/04\/Screenshot-2024-04-27-alle-11.34.11-2048x501.png 2048w\" sizes=\"(max-width: 800px) 100vw, 800px\" \/>\t\t\t\t\t\t\t\t\t\t\t\t\t\t\t<\/div>\n\t\t\t\t<\/div>\n\t\t\t\t\t<\/div>\n\t\t\t\t<\/div>\n\t\t\t\t<\/div>\n\t\t","protected":false},"excerpt":{"rendered":"<p>Masa, conosciuto dalla polizia come Massimo D&#8217;Antonio, nato il 21 settembre 1987 si diploma con molti problemi e dopo aver girato numerosi istituti privati della capitale, ad una scuola di cui non ricordiamo il nome (Visconti o Santa Maria delle Grazie????), con il diploma di maturit\u00e0 classica.. (ma quale maturit\u00e0?!). Al momento frequenta la facolt\u00e0 [&hellip;]<\/p>\n","protected":false},"author":1,"featured_media":0,"parent":0,"menu_order":0,"comment_status":"closed","ping_status":"closed","template":"","meta":{"ngg_post_thumbnail":0,"footnotes":""},"wf_page_folders":[8],"class_list":["post-3412","page","type-page","status-publish","hentry"],"_links":{"self":[{"href":"https:\/\/alesor.synology.me\/wordpress\/index.php?rest_route=\/wp\/v2\/pages\/3412","targetHints":{"allow":["GET"]}}],"collection":[{"href":"https:\/\/alesor.synology.me\/wordpress\/index.php?rest_route=\/wp\/v2\/pages"}],"about":[{"href":"https:\/\/alesor.synology.me\/wordpress\/index.php?rest_route=\/wp\/v2\/types\/page"}],"author":[{"embeddable":true,"href":"https:\/\/alesor.synology.me\/wordpress\/index.php?rest_route=\/wp\/v2\/users\/1"}],"replies":[{"embeddable":true,"href":"https:\/\/alesor.synology.me\/wordpress\/index.php?rest_route=%2Fwp%2Fv2%2Fcomments&post=3412"}],"version-history":[{"count":4,"href":"https:\/\/alesor.synology.me\/wordpress\/index.php?rest_route=\/wp\/v2\/pages\/3412\/revisions"}],"predecessor-version":[{"id":3417,"href":"https:\/\/alesor.synology.me\/wordpress\/index.php?rest_route=\/wp\/v2\/pages\/3412\/revisions\/3417"}],"wp:attachment":[{"href":"https:\/\/alesor.synology.me\/wordpress\/index.php?rest_route=%2Fwp%2Fv2%2Fmedia&parent=3412"}],"wp:term":[{"taxonomy":"wf_page_folders","embeddable":true,"href":"https:\/\/alesor.synology.me\/wordpress\/index.php?rest_route=%2Fwp%2Fv2%2Fwf_page_folders&post=3412"}],"curies":[{"name":"wp","href":"https:\/\/api.w.org\/{rel}","templated":true}]}}