{"id":3406,"date":"2024-04-27T11:32:34","date_gmt":"2024-04-27T09:32:34","guid":{"rendered":"https:\/\/192.168.1.141\/wordpress\/?page_id=3406"},"modified":"2024-04-27T11:33:23","modified_gmt":"2024-04-27T09:33:23","slug":"kenzio","status":"publish","type":"page","link":"https:\/\/alesor.synology.me\/wordpress\/?page_id=3406","title":{"rendered":"KENZIO"},"content":{"rendered":"<style>.elementor-3406 .elementor-element.elementor-element-55c234d{--display:flex;}.elementor-widget-text-editor{font-family:var( --e-global-typography-text-font-family ), Sans-serif;font-weight:var( --e-global-typography-text-font-weight );color:var( --e-global-color-text );}.elementor-widget-text-editor.elementor-drop-cap-view-stacked .elementor-drop-cap{background-color:var( --e-global-color-primary );}.elementor-widget-text-editor.elementor-drop-cap-view-framed .elementor-drop-cap, .elementor-widget-text-editor.elementor-drop-cap-view-default .elementor-drop-cap{color:var( --e-global-color-primary );border-color:var( --e-global-color-primary );}.elementor-widget-image .widget-image-caption{color:var( --e-global-color-text );font-family:var( --e-global-typography-text-font-family ), Sans-serif;font-weight:var( --e-global-typography-text-font-weight );}<\/style>\t\t<div data-elementor-type=\"wp-page\" data-elementor-id=\"3406\" class=\"elementor elementor-3406\">\n\t\t\t\t<div class=\"elementor-element elementor-element-55c234d e-flex e-con-boxed e-con e-parent\" data-id=\"55c234d\" data-element_type=\"container\" data-e-type=\"container\">\n\t\t\t\t\t<div class=\"e-con-inner\">\n\t\t\t\t<div class=\"elementor-element elementor-element-3fb9338 elementor-widget elementor-widget-text-editor\" data-id=\"3fb9338\" data-element_type=\"widget\" data-e-type=\"widget\" data-widget_type=\"text-editor.default\">\n\t\t\t\t<div class=\"elementor-widget-container\">\n\t\t\t\t\t\t\t\t\t<p align=\"justify\">Kenzio, nome polacco di Lorenzo Mancini, nasce a Cracovia (ovviamente \u00e8 uno scherzo; nasce a Roma) il 9 settembre 1987 e anche lui si diploma al liceo Talete. Ora frequenta, dopo un inaspettabile cambio di facolt\u00e0, che ha fatto adirare tutti gli ambienti di casa Mancini-Ricchiuti, la facolt\u00e0 di Scienze Archivistico-Bibliotecarie.<br \/>Durante il liceo la sua primaria passione era quella calcistica, che negli ultimi due anni, per\u00f2, \u00e8 andata scemando, grazie forse allo scandalo che ha colto la sua squadra del cuore: la Juventus.<br \/>La sua nuova passione \u00e8 quindi divenuta la letteratura e lo scrivere e il suo grande sogno, che ha soppiantato quello di divenire il neo Maradona, \u00e8 diventato quello di essere il nuovo Neruda o il vecchio Moccia. Quello che sempre lo accompagna \u00e8 il suo piacere di bere, da birre a vino, passando per i superalcolici; per questo tutti ricordiamo, anche con un po&#8217; di nostalgia, la famosa e leggendaria ubriacata della gita di terzo in Provenza, quando il povero Kenzio\u00a0si scol\u00f2 una bottiglia intera di vodka e quello che segu\u00ec, di cui il ragazzo non ricorda, fu una disgustosa vomitata, che i poverio compagni accorsi per aiutarlo dovettero subire, specialmente il Milord, che fu costretto a dormirgli accanto tutta la notte.<br \/>Ma Kenzio \u00e8 una persona che ormai riesce a controllare il notevole peso dell&#8217;alcool e per questo ha avuto questo ministero; soprattutto l&#8217;alcool non riesce a scalfire la natura bonaria e bonacciona del ragazzo..<br \/>Ma questo non significa che Kenzio non sappia arrabbiarsi, infatti non bisogna approfittarsi di lui, perch\u00e8 non verr\u00e0 mai alle mani, ma rischiereste di perdere un prezioso compagno di vita..\u00a0<br \/><br \/>\u00a0\u00a0\u00a0\u00a0\u00a0\u00a0\u00a0\u00a0\u00a0\u00a0\u00a0\u00a0\u00a0\u00a0\u00a0\u00a0\u00a0\u00a0\u00a0\u00a0\u00a0\u00a0\u00a0\u00a0\u00a0\u00a0\u00a0\u00a0\u00a0\u00a0\u00a0\u00a0\u00a0\u00a0\u00a0\u00a0\u00a0\u00a0\u00a0\u00a0\u00a0\u00a0\u00a0\u00a0\u00a0\u00a0\u00a0\u00a0\u00a0\u00a0\u00a0\u00a0\u00a0\u00a0\u00a0\u00a0\u00a0\u00a0\u00a0\u00a0\u00a0\u00a0\u00a0\u00a0\u00a0\u00a0\u00a0\u00a0\u00a0\u00a0\u00a0\u00a0\u00a0\u00a0\u00a0\u00a0\u00a0\u00a0\u00a0\u00a0\u00a0\u00a0\u00a0\u00a0\u00a0\u00a0\u00a0\u00a0\u00a0\u00a0\u00a0\u00a0\u00a0\u00a0\u00a0\u00a0\u00a0\u00a0\u00a0\u00a0\u00a0\u00a0\u00a0\u00a0\u00a0\u00a0\u00a0\u00a0\u00a0\u00a0\u00a0\u00a0\u00a0\u00a0\u00a0\u00a0\u00a0\u00a0\u00a0\u00a0\u00a0\u00a0\u00a0\u00a0\u00a0\u00a0\u00a0\u00a0\u00a0\u00a0\u00a0\u00a0\u00a0\u00a0\u00a0Milord<\/p><p align=\"justify\">Chi \u00e8 il Kenzio un anno dopo?<br \/>Kenzio in quest anno\u00a0\u00e8 la persona che \u00e8 cambiata di pi\u00f9 di tutte, da tutti i punti di vista, complice la sua ragazza,\u00a0ancora sconosciuta ai molti, e complice anche un quantitativo alto di studio, ha ridotto\u00a0molto\u00a0il tempo da passare con noi, ma \u00e8 anche diventato a prima vista pi\u00f9 serioso,\u00a0cazzeggia di meno, studia di pi\u00f9, un eroe insomma&#8230; non chiedetegli dove sta, vi risponder\u00e0\u00a0&#8220;da Elena&#8221; , potete metterci la casa<\/p><p align=\"justify\">\u00a0\u00a0\u00a0\u00a0\u00a0\u00a0\u00a0\u00a0\u00a0\u00a0\u00a0\u00a0\u00a0\u00a0\u00a0\u00a0\u00a0\u00a0\u00a0\u00a0\u00a0\u00a0\u00a0\u00a0\u00a0\u00a0\u00a0\u00a0\u00a0\u00a0\u00a0\u00a0\u00a0\u00a0\u00a0\u00a0\u00a0\u00a0\u00a0\u00a0\u00a0\u00a0\u00a0\u00a0\u00a0\u00a0\u00a0\u00a0\u00a0\u00a0\u00a0\u00a0\u00a0\u00a0\u00a0\u00a0\u00a0\u00a0\u00a0\u00a0\u00a0\u00a0\u00a0\u00a0\u00a0\u00a0\u00a0\u00a0\u00a0\u00a0\u00a0\u00a0\u00a0\u00a0\u00a0\u00a0\u00a0\u00a0\u00a0\u00a0\u00a0\u00a0\u00a0\u00a0\u00a0\u00a0\u00a0\u00a0\u00a0\u00a0\u00a0\u00a0\u00a0\u00a0\u00a0\u00a0\u00a0\u00a0\u00a0\u00a0\u00a0\u00a0\u00a0\u00a0\u00a0\u00a0\u00a0\u00a0\u00a0\u00a0\u00a0\u00a0\u00a0\u00a0\u00a0\u00a0\u00a0\u00a0\u00a0\u00a0\u00a0\u00a0\u00a0\u00a0\u00a0\u00a0\u00a0\u00a0\u00a0\u00a0\u00a0\u00a0\u00a0 Ciubo<\/p>\t\t\t\t\t\t\t\t<\/div>\n\t\t\t\t<\/div>\n\t\t\t\t<div class=\"elementor-element elementor-element-49ca21d elementor-widget elementor-widget-image\" data-id=\"49ca21d\" data-element_type=\"widget\" data-e-type=\"widget\" data-widget_type=\"image.default\">\n\t\t\t\t<div class=\"elementor-widget-container\">\n\t\t\t\t\t\t\t\t\t\t\t\t\t\t\t<img fetchpriority=\"high\" decoding=\"async\" width=\"800\" height=\"195\" src=\"https:\/\/alesor.synology.me\/wordpress\/wp-content\/uploads\/2024\/04\/Screenshot-2024-04-27-alle-11.32.58-1024x250.png\" class=\"attachment-large size-large wp-image-3408\" alt=\"\" srcset=\"https:\/\/alesor.synology.me\/wordpress\/wp-content\/uploads\/2024\/04\/Screenshot-2024-04-27-alle-11.32.58-1024x250.png 1024w, https:\/\/alesor.synology.me\/wordpress\/wp-content\/uploads\/2024\/04\/Screenshot-2024-04-27-alle-11.32.58-300x73.png 300w, https:\/\/alesor.synology.me\/wordpress\/wp-content\/uploads\/2024\/04\/Screenshot-2024-04-27-alle-11.32.58-768x188.png 768w, https:\/\/alesor.synology.me\/wordpress\/wp-content\/uploads\/2024\/04\/Screenshot-2024-04-27-alle-11.32.58-1536x376.png 1536w, https:\/\/alesor.synology.me\/wordpress\/wp-content\/uploads\/2024\/04\/Screenshot-2024-04-27-alle-11.32.58-2048x501.png 2048w\" sizes=\"(max-width: 800px) 100vw, 800px\" \/>\t\t\t\t\t\t\t\t\t\t\t\t\t\t\t<\/div>\n\t\t\t\t<\/div>\n\t\t\t\t\t<\/div>\n\t\t\t\t<\/div>\n\t\t\t\t<\/div>\n\t\t","protected":false},"excerpt":{"rendered":"<p>Kenzio, nome polacco di Lorenzo Mancini, nasce a Cracovia (ovviamente \u00e8 uno scherzo; nasce a Roma) il 9 settembre 1987 e anche lui si diploma al liceo Talete. Ora frequenta, dopo un inaspettabile cambio di facolt\u00e0, che ha fatto adirare tutti gli ambienti di casa Mancini-Ricchiuti, la facolt\u00e0 di Scienze Archivistico-Bibliotecarie.Durante il liceo la sua [&hellip;]<\/p>\n","protected":false},"author":1,"featured_media":0,"parent":0,"menu_order":0,"comment_status":"closed","ping_status":"closed","template":"","meta":{"ngg_post_thumbnail":0,"footnotes":""},"wf_page_folders":[8],"class_list":["post-3406","page","type-page","status-publish","hentry"],"_links":{"self":[{"href":"https:\/\/alesor.synology.me\/wordpress\/index.php?rest_route=\/wp\/v2\/pages\/3406","targetHints":{"allow":["GET"]}}],"collection":[{"href":"https:\/\/alesor.synology.me\/wordpress\/index.php?rest_route=\/wp\/v2\/pages"}],"about":[{"href":"https:\/\/alesor.synology.me\/wordpress\/index.php?rest_route=\/wp\/v2\/types\/page"}],"author":[{"embeddable":true,"href":"https:\/\/alesor.synology.me\/wordpress\/index.php?rest_route=\/wp\/v2\/users\/1"}],"replies":[{"embeddable":true,"href":"https:\/\/alesor.synology.me\/wordpress\/index.php?rest_route=%2Fwp%2Fv2%2Fcomments&post=3406"}],"version-history":[{"count":4,"href":"https:\/\/alesor.synology.me\/wordpress\/index.php?rest_route=\/wp\/v2\/pages\/3406\/revisions"}],"predecessor-version":[{"id":3411,"href":"https:\/\/alesor.synology.me\/wordpress\/index.php?rest_route=\/wp\/v2\/pages\/3406\/revisions\/3411"}],"wp:attachment":[{"href":"https:\/\/alesor.synology.me\/wordpress\/index.php?rest_route=%2Fwp%2Fv2%2Fmedia&parent=3406"}],"wp:term":[{"taxonomy":"wf_page_folders","embeddable":true,"href":"https:\/\/alesor.synology.me\/wordpress\/index.php?rest_route=%2Fwp%2Fv2%2Fwf_page_folders&post=3406"}],"curies":[{"name":"wp","href":"https:\/\/api.w.org\/{rel}","templated":true}]}}