{"id":3394,"date":"2024-04-27T11:29:15","date_gmt":"2024-04-27T09:29:15","guid":{"rendered":"https:\/\/192.168.1.141\/wordpress\/?page_id=3394"},"modified":"2024-04-27T11:30:56","modified_gmt":"2024-04-27T09:30:56","slug":"valentina","status":"publish","type":"page","link":"https:\/\/alesor.synology.me\/wordpress\/?page_id=3394","title":{"rendered":"VALENTINA"},"content":{"rendered":"<style>.elementor-3394 .elementor-element.elementor-element-c5ff90d{--display:flex;}.elementor-widget-text-editor{font-family:var( --e-global-typography-text-font-family ), Sans-serif;font-weight:var( --e-global-typography-text-font-weight );color:var( --e-global-color-text );}.elementor-widget-text-editor.elementor-drop-cap-view-stacked .elementor-drop-cap{background-color:var( --e-global-color-primary );}.elementor-widget-text-editor.elementor-drop-cap-view-framed .elementor-drop-cap, .elementor-widget-text-editor.elementor-drop-cap-view-default .elementor-drop-cap{color:var( --e-global-color-primary );border-color:var( --e-global-color-primary );}.elementor-widget-image .widget-image-caption{color:var( --e-global-color-text );font-family:var( --e-global-typography-text-font-family ), Sans-serif;font-weight:var( --e-global-typography-text-font-weight );}<\/style>\t\t<div data-elementor-type=\"wp-page\" data-elementor-id=\"3394\" class=\"elementor elementor-3394\">\n\t\t\t\t<div class=\"elementor-element elementor-element-c5ff90d e-flex e-con-boxed e-con e-parent\" data-id=\"c5ff90d\" data-element_type=\"container\" data-e-type=\"container\">\n\t\t\t\t\t<div class=\"e-con-inner\">\n\t\t\t\t<div class=\"elementor-element elementor-element-6c5082c elementor-widget elementor-widget-text-editor\" data-id=\"6c5082c\" data-element_type=\"widget\" data-e-type=\"widget\" data-widget_type=\"text-editor.default\">\n\t\t\t\t<div class=\"elementor-widget-container\">\n\t\t\t\t\t\t\t\t\t<p align=\"justify\">Valentina, cognome Avincola, nata il 4 giugno 1987, si diploma al liceo scientifico statale Talete di Roma; si iscrive in seguito alla facolt\u00e0 d&#8217;ingegneria energetica a La Sapienza. Adesso passa la sua vita dividendosi, con fatica e sudore, tra amici, famiglia (dando una mano soprattutto con i suoi fratellini pi\u00f9 piccoli) e studio, che le provoca non poca stanchezza fisica e mentale.<br \/>Si aggrega a questo magistrale gruppo di amici solo nel terzo anno di liceo, giungendo da una classe di c&#8230;&#8230;i, quindi non partecipa inizialmente alla creazione di questo storico gruppo, che per\u00f2 l&#8217;accoglie con molta cortesia e amicizia. Entrata a farne parte, inizia con l&#8217;aiuto dell&#8217;amica e complice Federica,\u00a0 a prendere il potere; per un periodo ci riesce, ma tutte le sue idee si risolvono solo con grosse liti tra il gruppo e tutti capiscono che le sue abilit\u00e0 di leader non sono proprio ottimali, quindi il governo delle donne crolla in una sorta di crisi; ma il Ciubo le permette di dirigere un proprio ministero che controlla le qualit\u00e0 che pi\u00f9 le si addicono..\u00a0Speriamo che riesca in questo compito.<br \/>Per il resto \u00e8 una ragazza, ormai donna, che non riesce a frenarsi dal dire in faccia le cose, qualit\u00e0 che pu\u00f2 riconoscersi come pregio o difetto, ma in realt\u00e0 \u00e8 molto fraterna con i suoi compagni di viaggio, ama farsi aiutare ma soprattutto aiutare gli altri.. Per questo \u00e8 buona e anche un po&#8217; testarda nel bene e nel male.<br \/>Per quanto rigurda gli affari affettivi, dopo essere uscita da una storia a distanza (lei di Roma, lui di Napoli) molto importante con Francesco e averne sofferto la fine, riesce a stabilire il suo cuore su un punto fermo, il Pucia, che ancora la accompagna e la sorregge, e se ci permettete di dirlo la SOPPORTA..<br \/>In tutto questo, anche se non ha voluto rivelare la lunghezza della parte intima del Pucia, che solo lei pu\u00f2 sapere, tutti le vogliono bene nel gruppo, forse per quella sua simpatia che non fa ridere nessuno o per quella risata espansiva, anche troppo..\u00a0<\/p><p>\u00a0\u00a0\u00a0\u00a0\u00a0\u00a0\u00a0\u00a0\u00a0\u00a0\u00a0\u00a0\u00a0\u00a0\u00a0\u00a0\u00a0\u00a0\u00a0\u00a0\u00a0\u00a0\u00a0\u00a0\u00a0\u00a0\u00a0\u00a0\u00a0\u00a0\u00a0\u00a0\u00a0\u00a0\u00a0\u00a0\u00a0\u00a0\u00a0\u00a0\u00a0\u00a0\u00a0\u00a0\u00a0\u00a0\u00a0\u00a0\u00a0\u00a0\u00a0\u00a0\u00a0\u00a0\u00a0\u00a0\u00a0\u00a0\u00a0\u00a0\u00a0\u00a0\u00a0\u00a0\u00a0\u00a0\u00a0\u00a0\u00a0\u00a0\u00a0\u00a0\u00a0\u00a0\u00a0\u00a0\u00a0\u00a0\u00a0\u00a0\u00a0\u00a0\u00a0\u00a0\u00a0\u00a0\u00a0\u00a0\u00a0\u00a0\u00a0\u00a0\u00a0\u00a0\u00a0\u00a0\u00a0\u00a0\u00a0\u00a0\u00a0\u00a0\u00a0\u00a0\u00a0\u00a0\u00a0\u00a0\u00a0\u00a0\u00a0\u00a0\u00a0\u00a0\u00a0\u00a0\u00a0\u00a0\u00a0\u00a0\u00a0\u00a0\u00a0\u00a0\u00a0\u00a0\u00a0\u00a0\u00a0\u00a0\u00a0\u00a0\u00a0\u00a0\u00a0Milord<\/p><p align=\"justify\">Chi \u00e8\u00a0Valentina un anno dopo?<br \/>Che vi devo dire&#8230; ancora pi\u00f9 stupida, e ho detto tutto<\/p><p align=\"justify\">\u00a0\u00a0\u00a0\u00a0\u00a0\u00a0\u00a0\u00a0\u00a0\u00a0\u00a0\u00a0\u00a0\u00a0\u00a0\u00a0\u00a0\u00a0\u00a0\u00a0\u00a0\u00a0\u00a0\u00a0\u00a0\u00a0\u00a0\u00a0\u00a0\u00a0\u00a0\u00a0\u00a0\u00a0\u00a0\u00a0\u00a0\u00a0\u00a0\u00a0\u00a0\u00a0\u00a0\u00a0\u00a0\u00a0\u00a0\u00a0\u00a0\u00a0\u00a0\u00a0\u00a0\u00a0\u00a0\u00a0\u00a0\u00a0\u00a0\u00a0\u00a0\u00a0\u00a0\u00a0\u00a0\u00a0\u00a0\u00a0\u00a0\u00a0\u00a0\u00a0\u00a0\u00a0\u00a0\u00a0\u00a0\u00a0\u00a0\u00a0\u00a0\u00a0\u00a0\u00a0\u00a0\u00a0\u00a0\u00a0\u00a0\u00a0\u00a0\u00a0\u00a0\u00a0\u00a0\u00a0\u00a0\u00a0\u00a0\u00a0\u00a0\u00a0\u00a0\u00a0\u00a0\u00a0\u00a0\u00a0\u00a0\u00a0\u00a0\u00a0\u00a0\u00a0\u00a0\u00a0\u00a0\u00a0\u00a0\u00a0\u00a0\u00a0\u00a0\u00a0\u00a0\u00a0\u00a0\u00a0\u00a0\u00a0\u00a0\u00a0\u00a0\u00a0 Ciubo<\/p>\t\t\t\t\t\t\t\t<\/div>\n\t\t\t\t<\/div>\n\t\t\t\t<div class=\"elementor-element elementor-element-1861dba elementor-widget elementor-widget-image\" data-id=\"1861dba\" data-element_type=\"widget\" data-e-type=\"widget\" data-widget_type=\"image.default\">\n\t\t\t\t<div class=\"elementor-widget-container\">\n\t\t\t\t\t\t\t\t\t\t\t\t\t\t\t<img fetchpriority=\"high\" decoding=\"async\" width=\"800\" height=\"187\" src=\"https:\/\/alesor.synology.me\/wordpress\/wp-content\/uploads\/2024\/04\/Screenshot-2024-04-27-alle-11.30.32-1024x239.png\" class=\"attachment-large size-large wp-image-3396\" alt=\"\" srcset=\"https:\/\/alesor.synology.me\/wordpress\/wp-content\/uploads\/2024\/04\/Screenshot-2024-04-27-alle-11.30.32-1024x239.png 1024w, https:\/\/alesor.synology.me\/wordpress\/wp-content\/uploads\/2024\/04\/Screenshot-2024-04-27-alle-11.30.32-300x70.png 300w, https:\/\/alesor.synology.me\/wordpress\/wp-content\/uploads\/2024\/04\/Screenshot-2024-04-27-alle-11.30.32-768x179.png 768w, https:\/\/alesor.synology.me\/wordpress\/wp-content\/uploads\/2024\/04\/Screenshot-2024-04-27-alle-11.30.32-1536x358.png 1536w, https:\/\/alesor.synology.me\/wordpress\/wp-content\/uploads\/2024\/04\/Screenshot-2024-04-27-alle-11.30.32-2048x478.png 2048w\" sizes=\"(max-width: 800px) 100vw, 800px\" \/>\t\t\t\t\t\t\t\t\t\t\t\t\t\t\t<\/div>\n\t\t\t\t<\/div>\n\t\t\t\t\t<\/div>\n\t\t\t\t<\/div>\n\t\t\t\t<\/div>\n\t\t","protected":false},"excerpt":{"rendered":"<p>Valentina, cognome Avincola, nata il 4 giugno 1987, si diploma al liceo scientifico statale Talete di Roma; si iscrive in seguito alla facolt\u00e0 d&#8217;ingegneria energetica a La Sapienza. Adesso passa la sua vita dividendosi, con fatica e sudore, tra amici, famiglia (dando una mano soprattutto con i suoi fratellini pi\u00f9 piccoli) e studio, che le [&hellip;]<\/p>\n","protected":false},"author":1,"featured_media":0,"parent":0,"menu_order":0,"comment_status":"closed","ping_status":"closed","template":"","meta":{"ngg_post_thumbnail":0,"footnotes":""},"wf_page_folders":[8],"class_list":["post-3394","page","type-page","status-publish","hentry"],"_links":{"self":[{"href":"https:\/\/alesor.synology.me\/wordpress\/index.php?rest_route=\/wp\/v2\/pages\/3394","targetHints":{"allow":["GET"]}}],"collection":[{"href":"https:\/\/alesor.synology.me\/wordpress\/index.php?rest_route=\/wp\/v2\/pages"}],"about":[{"href":"https:\/\/alesor.synology.me\/wordpress\/index.php?rest_route=\/wp\/v2\/types\/page"}],"author":[{"embeddable":true,"href":"https:\/\/alesor.synology.me\/wordpress\/index.php?rest_route=\/wp\/v2\/users\/1"}],"replies":[{"embeddable":true,"href":"https:\/\/alesor.synology.me\/wordpress\/index.php?rest_route=%2Fwp%2Fv2%2Fcomments&post=3394"}],"version-history":[{"count":4,"href":"https:\/\/alesor.synology.me\/wordpress\/index.php?rest_route=\/wp\/v2\/pages\/3394\/revisions"}],"predecessor-version":[{"id":3399,"href":"https:\/\/alesor.synology.me\/wordpress\/index.php?rest_route=\/wp\/v2\/pages\/3394\/revisions\/3399"}],"wp:attachment":[{"href":"https:\/\/alesor.synology.me\/wordpress\/index.php?rest_route=%2Fwp%2Fv2%2Fmedia&parent=3394"}],"wp:term":[{"taxonomy":"wf_page_folders","embeddable":true,"href":"https:\/\/alesor.synology.me\/wordpress\/index.php?rest_route=%2Fwp%2Fv2%2Fwf_page_folders&post=3394"}],"curies":[{"name":"wp","href":"https:\/\/api.w.org\/{rel}","templated":true}]}}