{"id":3382,"date":"2024-04-27T11:25:36","date_gmt":"2024-04-27T09:25:36","guid":{"rendered":"https:\/\/192.168.1.141\/wordpress\/?page_id=3382"},"modified":"2024-04-27T11:27:08","modified_gmt":"2024-04-27T09:27:08","slug":"milord-e-roberta","status":"publish","type":"page","link":"https:\/\/alesor.synology.me\/wordpress\/?page_id=3382","title":{"rendered":"MILORD e ROBERTA"},"content":{"rendered":"<style>.elementor-3382 .elementor-element.elementor-element-72140ed{--display:flex;--flex-direction:column;--container-widget-width:100%;--container-widget-height:initial;--container-widget-flex-grow:0;--container-widget-align-self:initial;--flex-wrap-mobile:wrap;}.elementor-widget-text-editor{font-family:var( --e-global-typography-text-font-family ), Sans-serif;font-weight:var( --e-global-typography-text-font-weight );color:var( --e-global-color-text );}.elementor-widget-text-editor.elementor-drop-cap-view-stacked .elementor-drop-cap{background-color:var( --e-global-color-primary );}.elementor-widget-text-editor.elementor-drop-cap-view-framed .elementor-drop-cap, .elementor-widget-text-editor.elementor-drop-cap-view-default .elementor-drop-cap{color:var( --e-global-color-primary );border-color:var( --e-global-color-primary );}.elementor-widget-image .widget-image-caption{color:var( --e-global-color-text );font-family:var( --e-global-typography-text-font-family ), Sans-serif;font-weight:var( --e-global-typography-text-font-weight );}<\/style>\t\t<div data-elementor-type=\"wp-page\" data-elementor-id=\"3382\" class=\"elementor elementor-3382\">\n\t\t\t\t<div class=\"elementor-element elementor-element-72140ed e-flex e-con-boxed e-con e-parent\" data-id=\"72140ed\" data-element_type=\"container\" data-e-type=\"container\">\n\t\t\t\t\t<div class=\"e-con-inner\">\n\t\t\t\t<div class=\"elementor-element elementor-element-51b479c elementor-widget elementor-widget-text-editor\" data-id=\"51b479c\" data-element_type=\"widget\" data-e-type=\"widget\" data-widget_type=\"text-editor.default\">\n\t\t\t\t<div class=\"elementor-widget-container\">\n\t\t\t\t\t\t\t\t\t<p align=\"justify\">Milord, chiamato dalla maggior parte delle persone che lo conoscono\u00a0Andrea Standardi, nasce il 31 ottobre 1987, e qualcuno potrebbe fare delle spiritosagini sul fatto che sia nato la notte dei mostri, ossia Halloween. Si diploma al liceo Talete con un voto senza infamia e senza lode, che gli permette di proseguire con la carriera universitaria. Mentre tenta l&#8217;entrata in alcune\u00a0Accademie di Recitazione, si iscrive\u00a0e frequenta per un mese i corsi alla facolt\u00e0 di Economia a\u00a0Roma Tre che abbandona quando viene preso all&#8217;Accademia d&#8217;Arte Drammatica Link Academy.<br \/>Conosce il Ciubo al liceo, ma aveva gi\u00e0 avuto un incontro al compleanno di un amico in comune al MacDonald di Piazzale Clodio, alcuni anni prima. E&#8217; uno dei creatori, insieme al Kenzio, al Pucia, a Federica e a Padre Spica del famoso gruppo, a cui poi si sono aggiunte altre persone.<br \/>Ha tra le sue passioni quella di calcare i palchi teatrali, una passione che sta portando avanti da molti anni, di giocare a basket, ma soprattutto di divertirsi e divertire i suoi amici. Adora stare in compagnia e invita spesso gli altri componenti del gruppo a casa sua (cos\u00ec come fa spesso il Pucia) e memorabile in questo senso \u00e8 la storia della prima visita da parte del Pucia, che non riusc\u00ec a nascondere le birre portate per una serata elettrizzante dagli occhi attenti e vigili della madre del Milord. Altre storie hanno come tra i protagonisti lo sventurato Milord che a scuola, come potete vedere nelle foto, si dilettava nelle facce buffe piuttosto che nello studio.<br \/>Il suo stile \u00e8 definito KITSCH\u00a0(Il termine ha origini\u00a0tedesche ed era inizialmente usato per descrivere oggetti di\u00a0cattivo gusto)\u00a0dalla maggior parte del gruppo a causa del suo stile di vestiario un po&#8217; troppo stravagante e moderno; in realt\u00e0 l&#8217;evoluzione del termine \u00e8 stata ampia e\u00a0ne deriva che artisti possono deliberatamente ricorrere al kitsch come forma di espressione (e speriamo che al Milord venga riconosciuta quest&#8217;arte modaiola).<br \/>La sua propenzione all&#8217;approccio e la sua smodata voglia e ricerca di gossip lo portano a conquistare, grazie ad alcuni abili sotterfugi, la carica di ministro dell&#8217; Amore, che abitualmente svolge. E&#8217; il primo ministro che viene eletto e nonostante alcuni gravosi strappi, che in ogni caso \u00e8 riuscito a ricucire, continua a tenere ben stretta la sua carica.<br \/>Dopo numerosi anni di ricerche della donna perfetta da far innamorare e dopo una storia con Martina, trova finalmente la pace del cuore con Roberta, altra aspirante attrice che adesso si \u00e8 conquistata la carica di Vice Ministro.<br \/><br \/>La ragazza, nata il 12 luglio 1987 nella romantica citt\u00e0 di Giulietta e Romeo, ossia a Verona, conosce e fa innamorare di s\u00e8 il povero Milord una volta giunta nella capitale per studiare. Il suo amore per la Disney, e tutto ci\u00f2 a cui si riferisce: cartoni, film, gadget, ecc.. \u00e8 quasi equiparabile a quello per il Milord, ma non lo raggiunge.<br \/>Ragazza sveglia, di buone qualit\u00e0 canterine, recitative e ballerine, riesce a tenere a bada uno dei massimo conoscitori dell&#8217;Eros. E&#8217; l&#8217;ultima arrivata del gruppo, e con un po&#8217; di fatica e con l&#8217;aiuto di Andrea, sta cercando di conquistare un ruolo nella compagnia. A lei dobbiamo, in parte, anche il fatto che il nostro ministro si sia un po&#8217; distaccato dal Gruppo durante l&#8217;anno accademico 2006-2007, ma ora il nostro\u00a0Guru e massimo conoscitore delle donne, ma anche ragazzo scherzoso e troppo pieno di vita, \u00e8 tornato alla riscossa pi\u00f9 cazzaro che mai!<\/p><p>Una coppia, che per alcuni mesi \u00e8 stata un po&#8217; fantasma ma che ora \u00e8 tornata alla ribalta per farsi conoscere da tutti!!\u00a0<br \/><br \/>\u00a0\u00a0\u00a0\u00a0\u00a0\u00a0\u00a0\u00a0\u00a0\u00a0\u00a0\u00a0\u00a0\u00a0\u00a0\u00a0\u00a0\u00a0\u00a0\u00a0\u00a0\u00a0\u00a0\u00a0\u00a0\u00a0\u00a0\u00a0\u00a0\u00a0\u00a0\u00a0\u00a0\u00a0\u00a0\u00a0\u00a0\u00a0\u00a0\u00a0\u00a0\u00a0\u00a0\u00a0\u00a0\u00a0\u00a0\u00a0\u00a0\u00a0\u00a0\u00a0\u00a0\u00a0\u00a0\u00a0\u00a0\u00a0\u00a0\u00a0\u00a0\u00a0\u00a0\u00a0\u00a0\u00a0\u00a0\u00a0\u00a0\u00a0\u00a0\u00a0\u00a0\u00a0\u00a0\u00a0\u00a0\u00a0\u00a0\u00a0\u00a0\u00a0\u00a0\u00a0\u00a0\u00a0\u00a0\u00a0\u00a0\u00a0\u00a0\u00a0\u00a0\u00a0\u00a0\u00a0\u00a0\u00a0\u00a0\u00a0\u00a0\u00a0\u00a0\u00a0\u00a0\u00a0\u00a0\u00a0\u00a0\u00a0\u00a0\u00a0\u00a0\u00a0\u00a0\u00a0\u00a0\u00a0\u00a0\u00a0\u00a0\u00a0\u00a0\u00a0\u00a0\u00a0\u00a0\u00a0\u00a0\u00a0\u00a0\u00a0\u00a0\u00a0\u00a0Milord<\/p><p>Chi sono Milord e Roberta un anno dopo?<br \/>Adesso rido veramente, ecco a cosa servono i siti&#8230; leggete la frase qui sopra, scritta dal Milord?\u00a0Questa:\u00a0&#8220;Una coppia, che per alcuni mesi \u00e8 stata un po&#8217; fantasma ma che ora \u00e8 tornata alla ribalta per farsi conoscere da tutti!!&#8221;<br \/>Bene, la prima novit\u00e0 e che la mitica Sailor moon non si \u00e8 pi\u00f9 fatta vedere, e mi dispiace perch\u00e8 era simpatica, ma d&#8217;altronde la vita degli attori \u00e8 sempre in movimento..<br \/>Il Milord invece anche quest&#8217;anno, come i funghi, \u00e8 spuntato in primavera, d&#8217;inverno va in letargo e non si fa vedere, mortacci sua, quando invece fa caldo torna&#8230; sul piano caratteriale \u00e8 sempre un cazzone, come \u00e8 giusto che sia&#8230; questo terzo anno di studi credo che far\u00e0 la stessa cosa.. peccato perch\u00e8 ci divertiamo un sacco insieme&#8230;<\/p>\t\t\t\t\t\t\t\t<\/div>\n\t\t\t\t<\/div>\n\t\t\t\t<div class=\"elementor-element elementor-element-ce545c2 elementor-widget elementor-widget-image\" data-id=\"ce545c2\" data-element_type=\"widget\" data-e-type=\"widget\" data-widget_type=\"image.default\">\n\t\t\t\t<div class=\"elementor-widget-container\">\n\t\t\t\t\t\t\t\t\t\t\t\t\t\t\t<img fetchpriority=\"high\" decoding=\"async\" width=\"800\" height=\"236\" src=\"https:\/\/alesor.synology.me\/wordpress\/wp-content\/uploads\/2024\/04\/Screenshot-2024-04-27-alle-11.26.19-1024x302.png\" class=\"attachment-large size-large wp-image-3384\" alt=\"\" srcset=\"https:\/\/alesor.synology.me\/wordpress\/wp-content\/uploads\/2024\/04\/Screenshot-2024-04-27-alle-11.26.19-1024x302.png 1024w, https:\/\/alesor.synology.me\/wordpress\/wp-content\/uploads\/2024\/04\/Screenshot-2024-04-27-alle-11.26.19-300x88.png 300w, https:\/\/alesor.synology.me\/wordpress\/wp-content\/uploads\/2024\/04\/Screenshot-2024-04-27-alle-11.26.19-768x226.png 768w, https:\/\/alesor.synology.me\/wordpress\/wp-content\/uploads\/2024\/04\/Screenshot-2024-04-27-alle-11.26.19-1536x453.png 1536w, https:\/\/alesor.synology.me\/wordpress\/wp-content\/uploads\/2024\/04\/Screenshot-2024-04-27-alle-11.26.19-2048x604.png 2048w\" sizes=\"(max-width: 800px) 100vw, 800px\" \/>\t\t\t\t\t\t\t\t\t\t\t\t\t\t\t<\/div>\n\t\t\t\t<\/div>\n\t\t\t\t\t<\/div>\n\t\t\t\t<\/div>\n\t\t\t\t<\/div>\n\t\t","protected":false},"excerpt":{"rendered":"<p>Milord, chiamato dalla maggior parte delle persone che lo conoscono\u00a0Andrea Standardi, nasce il 31 ottobre 1987, e qualcuno potrebbe fare delle spiritosagini sul fatto che sia nato la notte dei mostri, ossia Halloween. Si diploma al liceo Talete con un voto senza infamia e senza lode, che gli permette di proseguire con la carriera universitaria. [&hellip;]<\/p>\n","protected":false},"author":1,"featured_media":0,"parent":0,"menu_order":0,"comment_status":"closed","ping_status":"closed","template":"","meta":{"ngg_post_thumbnail":0,"footnotes":""},"wf_page_folders":[8],"class_list":["post-3382","page","type-page","status-publish","hentry"],"_links":{"self":[{"href":"https:\/\/alesor.synology.me\/wordpress\/index.php?rest_route=\/wp\/v2\/pages\/3382","targetHints":{"allow":["GET"]}}],"collection":[{"href":"https:\/\/alesor.synology.me\/wordpress\/index.php?rest_route=\/wp\/v2\/pages"}],"about":[{"href":"https:\/\/alesor.synology.me\/wordpress\/index.php?rest_route=\/wp\/v2\/types\/page"}],"author":[{"embeddable":true,"href":"https:\/\/alesor.synology.me\/wordpress\/index.php?rest_route=\/wp\/v2\/users\/1"}],"replies":[{"embeddable":true,"href":"https:\/\/alesor.synology.me\/wordpress\/index.php?rest_route=%2Fwp%2Fv2%2Fcomments&post=3382"}],"version-history":[{"count":4,"href":"https:\/\/alesor.synology.me\/wordpress\/index.php?rest_route=\/wp\/v2\/pages\/3382\/revisions"}],"predecessor-version":[{"id":3387,"href":"https:\/\/alesor.synology.me\/wordpress\/index.php?rest_route=\/wp\/v2\/pages\/3382\/revisions\/3387"}],"wp:attachment":[{"href":"https:\/\/alesor.synology.me\/wordpress\/index.php?rest_route=%2Fwp%2Fv2%2Fmedia&parent=3382"}],"wp:term":[{"taxonomy":"wf_page_folders","embeddable":true,"href":"https:\/\/alesor.synology.me\/wordpress\/index.php?rest_route=%2Fwp%2Fv2%2Fwf_page_folders&post=3382"}],"curies":[{"name":"wp","href":"https:\/\/api.w.org\/{rel}","templated":true}]}}