{"id":3337,"date":"2024-03-12T17:50:13","date_gmt":"2024-03-12T16:50:13","guid":{"rendered":"https:\/\/192.168.1.141\/wordpress\/?page_id=3337"},"modified":"2024-03-12T17:50:13","modified_gmt":"2024-03-12T16:50:13","slug":"chi-e-il-ciubo","status":"publish","type":"page","link":"https:\/\/alesor.synology.me\/wordpress\/?page_id=3337","title":{"rendered":"Chi \u00e8 il Ciubo"},"content":{"rendered":"\n<p>Chi \u00e8 Ciubo? La domanda non \u00e8 semplice e potrei immediatamente schivarla dicendovi: \u201c Volete davvero saperlo? Beh date uno sguardo al sito e fatevi un\u2019idea per conto vostro!\u201d. Del resto per\u00f2 la mia serata non si prospetta affatto densa di impegni e, con Elvis di sottofondo, una birra e una sigaretta, mi sento un po\u2019 Charles Bukowski e voglio tentare di abbozzare questa specie di biografia.<\/p>\n\n\n\n<p>Il soggetto \u00e8 chiaro a tutti: si tratta del Ciubo, e da Lui in persona ho avuto l\u2019incarico di scrivere queste poche righe che hanno l\u2019obiettivo di presentarlo al mondo intero sul suo nuovo sito ciubo.it. L\u2019orgoglio che provo nell\u2019essere stato scelto da Lui mi riempie il cuore, ed \u00e8 ovviamente indescrivibile: passiamo dunque a trattare il tema per cui sono stato incaricato e non pagato.<\/p>\n\n\n\n<p>Ciubo nasce il 26 novembre del glorioso anno 1987 e viene segnato all\u2019anagrafe con il minaccioso nome di Alessandro Sorvillo. La primissima infanzia trascorre nell\u2019anonimato pi\u00f9 totale finch\u00e8, alla tenera et\u00e0 di sei anni, la comparsa dei primi peli pubici sconvolge radicalmente la sua puerile esistenza e lo marchier\u00e0 per sempre ed in modo indelebile: deriver\u00e0 forse da quello sconvolgente avvenimento il soprannome Ciubo, storpiata italianizzazione del nome Chewbacca, il celebre Wookiee della saga Guerre Stellari, un essere orribile, peloso ed evidentemente ritardato, data la sua totale incapacit\u00e0 di esprimersi in un linguaggio grammaticalmente accettabile? Il Ciubo non ama esprimersi sull\u2019etimologia del suo nome e dunque non possiamo avere conferme ufficiali: andiamo perci\u00f2 avanti nella narrazione.<\/p>\n\n\n\n<p>Il cammino verso l\u2019adolescenza del bambino Ciubo non \u00e8 particolarmente accidentato: la sua possanza fisica, che lo avvicina sempre pi\u00f9 all\u2019inevitabile paragone con l\u2019immondo Wookiee, lo facilita negli scontri corpo a corpo con i prepotenti coetanei; sar\u00e0 per\u00f2 un altro fatto a caratterizzare questi anni del quasi uomo Ciubo: la passione per l\u2019informatica.<\/p>\n\n\n\n<p>In questo particolare quanto buio periodo della vita del Nostro, il sottoscritto e tanti altri faranno la sua conoscenza. Inizialmente sbeffeggiato e deriso da molti a causa della sua totale incapacit\u00e0 di ragionare logicamente nonostante le assodate conoscenze informatiche, arriver\u00e0, inaspettata, la svolta; sar\u00e0 l\u2019influenza di una persona ad avere la meglio sulla psicolabile mente del Ciubo: il Fashion.<\/p>\n\n\n\n<p>In molti vi chiederete: \u201cChi \u00e8 costui?\u201d; anche se, in odierna data, il 99% degli utenti di questo sito e conoscono benissimo la sua vera identit\u00e0, non risparmier\u00f2, a tanti ben accetti net-surfers, una breve presentazione del personaggio. Per motivi di privacy non posso rivelare le sue reali generalit\u00e0, dunque se dovessi abusare del soprannome Fashion, utilizzer\u00f2 la fittizia denominazione di \u201cCazzone\u201d.<\/p>\n\n\n\n<p>Dunque, dicevamo, chi \u00e8 Cazzone (scusate ma non resisto dal chiamarlo cos\u00ec..)? Fashion (stavolta \u00e8 necessario citarlo in questa maniera ai fini della comprensione del testo) \u00e8, semplicemente, la fusione tra moda, di vestirsi, e modi, di comportarsi che tanto ha ispirato il nostro Ciubo; i motivi di questa idolatria ancora non sono chiari: rimane comunque il fatto che la sua vita ne risulter\u00e0 radicalmente cambiata. Dai Punkreas a Dj Emix, dai pantaloni B-Boy alle mutande Calvin Klein, il Ciubo \u00e8 una nuova persona; ma l\u2019evoluzione \u00e8 solo all\u2019inizio: a coronarla definitivamente sar\u00e0 la comparsa della sua prima ed inimitabile compagna di viaggio e di tante avventure, nonch\u00e9 causa di altrettante delusioni ed amarezze. Sto parlando della mitica Aprilia MX 125. Propriet\u00e0 del Ciubo dal 15\/09\/2004 al 4\/11\/2005, giorno della sua prematura scomparsa, segn\u00f2, oltre ad una rinnovata autostima da parte del suo proprietario, anche la conseguente coscienza di successo nel campo, pieno di pericoli ed ostacoli, della conquista delle donne.<\/p>\n\n\n\n<p>Primi amori e relative delusioni, dunque: potrei ricordarne qui alcune, quella della celebre Jack per citarne una, ma mi limiter\u00f2 a commemorare la pi\u00f9 grande delle passate amarezze esistenziali del Ciubo. Come ho accennato in precedenza il giorno 4\/11\/2005,&nbsp;la MX&nbsp;scompare, rapita da ignoti davanti al portone della casa materna ciubesca: di lei non rimarr\u00e0 nulla alla nostra povera vittima, se non la chiave di accensione, divenuta in seguito oggetto di un vero e proprio culto, e un ricordo fantastico, celebrato nell\u2019appassionato commiato, rappresentato dall\u2019album fotografico \u201cAddio MX..morte a chi t\u2019ha violentata!\u201d.<\/p>\n\n\n\n<p>Il Ciubo, nonostante la dura prova, continua a vivere con la prospettiva di un futuro migliore che giunger\u00e0, finalmente, con l\u2019arrivo di una nuova compagna di viaggio: il suo nome \u00e8 Yamaha MT-03 e sar\u00e0 la degna quanto rispettosa erede della non dimenticata MX-<\/p>\n\n\n\n<p>Motori a parte, la vita del nostro Wookiee procede fra grandi successi sociali: nonostante la congenita dabbenaggine che lo caratterizza, viene accettato dalla classe e dagli ambienti pi\u00f9 vicina ad essa (Masa. \u201cChi \u00e8 Masa?\u201d vi chiederete: me ne fotto, stavolta rimarrete nell\u2019ignoranza); allo stesso modo, anche in campo femminile le conquiste non tardano ad arrivare.<\/p>\n\n\n\n<p>In questo momento per\u00f2, l\u2019ostacolo pi\u00f9 grande \u00e8 rappresentato dagli esami di maturit\u00e0: lungi dall\u2019essere considerati come una prova fondamentale per la futura carriera, vengono affrontati dal Ciubo con un impensabile sufficienza. Completamente all\u2019oscuro riguardo al significato della nozione di \u201cPercorso Interdisciplinare\u201d, il Nostro si presenta all\u2019orale con una tesina esclusivamente storica, ignorando, tra l\u2019altro, alcuni importantissimi particolari della sua stessa creazione.<\/p>\n\n\n\n<p>Nonostante tutto l\u2019ostacolo viene saltato: il passo successivo \u00e8 rappresentato dall\u2019iscrizione alla Facolt\u00e0 di Economia dell\u2019Universit\u00e0 di Roma 30\u2026scusate Roma 30\u2026insomma della Terza Universit\u00e0 di Roma. Il primo anno accademico procede brillantemente, con successi che nessuno si sarebbe mai aspettato. Il Ciubo \u00e8 per\u00f2 tipo da stupire i suoi amici e, ahinoi, continua a farlo con questo sito, e continuer\u00e0 finch\u00e9 si potr\u00e0 permettere di spendere 50 euro l\u2019anno per un dominio internet.<\/p>\n\n\n\n<p>Concludo qui questa breve storia, con la speranza di non aver tralasciato nulla di particolarmente significativo nel raccontare una vita che ha il sapore della leggenda, ma che, vi posso giurare, \u00e8 pura e semplice realt\u00e0: non stupitevi dunque se un giorno incontrerete sulla vostra strada un personaggio che ricorda uno scimmione vissuto \u201ctanto tempo fa in una galassia lontana lontana\u201d e che fa e dice cose in singolar modo stupide. Non dovrete pensare tra voi: \u201cCazzone!\u201d, perch\u00e9 quello, al di l\u00e0 di ogni ragionevole dubbio, dovrebbe essere il Fashion; ma non pensate nemmeno di dire : \u201cChe demente!\u201d. Ciubo non \u00e8 un demente: \u00e8 semplicemente Ciubo, una persona che ha attraversato un percorso di vita tutto sommato interessante, risorgendo come una fenice dalle ceneri della sua infanzia per tornare a volare alto nell\u2019adolescenza. Siate perci\u00f2 gentili con lui: \u00e8 Ciubo.<\/p>\n\n\n\n<p>&nbsp;&nbsp;&nbsp;&nbsp;&nbsp;&nbsp;&nbsp;&nbsp;&nbsp;&nbsp;&nbsp;&nbsp;&nbsp;&nbsp;&nbsp;&nbsp;&nbsp;&nbsp;&nbsp;&nbsp;&nbsp;&nbsp;&nbsp;&nbsp;&nbsp;&nbsp;&nbsp;&nbsp;&nbsp;&nbsp;&nbsp;&nbsp;&nbsp;&nbsp;&nbsp;&nbsp;&nbsp;&nbsp;&nbsp;&nbsp;&nbsp;&nbsp;&nbsp;&nbsp;&nbsp;&nbsp;&nbsp;&nbsp;&nbsp;&nbsp;&nbsp;&nbsp;&nbsp;&nbsp;&nbsp;&nbsp;&nbsp;&nbsp;&nbsp;&nbsp;&nbsp;&nbsp;&nbsp;&nbsp;&nbsp;&nbsp;&nbsp;&nbsp;&nbsp;&nbsp;&nbsp;&nbsp;&nbsp;&nbsp;&nbsp;&nbsp;&nbsp;&nbsp;&nbsp;&nbsp;&nbsp;&nbsp;&nbsp;&nbsp;&nbsp;&nbsp;&nbsp;&nbsp;&nbsp;&nbsp;&nbsp;&nbsp;&nbsp;&nbsp;&nbsp;&nbsp;&nbsp;&nbsp;&nbsp;&nbsp;&nbsp;&nbsp;&nbsp;&nbsp;&nbsp;&nbsp;&nbsp;&nbsp;&nbsp;&nbsp;&nbsp;&nbsp;&nbsp;&nbsp;&nbsp;&nbsp;&nbsp;&nbsp;&nbsp;&nbsp;&nbsp;&nbsp;&nbsp;&nbsp;&nbsp;&nbsp;&nbsp;&nbsp;&nbsp;&nbsp;&nbsp;&nbsp;&nbsp;&nbsp;&nbsp;&nbsp;&nbsp;L. M.<\/p>\n\n\n\n<figure class=\"wp-block-image size-large\"><img fetchpriority=\"high\" decoding=\"async\" width=\"1024\" height=\"307\" src=\"https:\/\/192.168.1.141\/wordpress\/wp-content\/uploads\/2024\/03\/Screenshot-2024-03-12-alle-17.49.50-1024x307.png\" alt=\"\" class=\"wp-image-3338\" srcset=\"https:\/\/alesor.synology.me\/wordpress\/wp-content\/uploads\/2024\/03\/Screenshot-2024-03-12-alle-17.49.50-1024x307.png 1024w, https:\/\/alesor.synology.me\/wordpress\/wp-content\/uploads\/2024\/03\/Screenshot-2024-03-12-alle-17.49.50-300x90.png 300w, https:\/\/alesor.synology.me\/wordpress\/wp-content\/uploads\/2024\/03\/Screenshot-2024-03-12-alle-17.49.50-768x231.png 768w, https:\/\/alesor.synology.me\/wordpress\/wp-content\/uploads\/2024\/03\/Screenshot-2024-03-12-alle-17.49.50-1536x461.png 1536w, https:\/\/alesor.synology.me\/wordpress\/wp-content\/uploads\/2024\/03\/Screenshot-2024-03-12-alle-17.49.50-2048x615.png 2048w\" sizes=\"(max-width: 1024px) 100vw, 1024px\" \/><\/figure>\n","protected":false},"excerpt":{"rendered":"<p>Chi \u00e8 Ciubo? La domanda non \u00e8 semplice e potrei immediatamente schivarla dicendovi: \u201c Volete davvero saperlo? Beh date uno sguardo al sito e fatevi un\u2019idea per conto vostro!\u201d. Del resto per\u00f2 la mia serata non si prospetta affatto densa di impegni e, con Elvis di sottofondo, una birra e una sigaretta, mi sento un [&hellip;]<\/p>\n","protected":false},"author":1,"featured_media":0,"parent":0,"menu_order":0,"comment_status":"closed","ping_status":"closed","template":"","meta":{"ngg_post_thumbnail":0,"footnotes":""},"wf_page_folders":[7],"class_list":["post-3337","page","type-page","status-publish","hentry"],"_links":{"self":[{"href":"https:\/\/alesor.synology.me\/wordpress\/index.php?rest_route=\/wp\/v2\/pages\/3337","targetHints":{"allow":["GET"]}}],"collection":[{"href":"https:\/\/alesor.synology.me\/wordpress\/index.php?rest_route=\/wp\/v2\/pages"}],"about":[{"href":"https:\/\/alesor.synology.me\/wordpress\/index.php?rest_route=\/wp\/v2\/types\/page"}],"author":[{"embeddable":true,"href":"https:\/\/alesor.synology.me\/wordpress\/index.php?rest_route=\/wp\/v2\/users\/1"}],"replies":[{"embeddable":true,"href":"https:\/\/alesor.synology.me\/wordpress\/index.php?rest_route=%2Fwp%2Fv2%2Fcomments&post=3337"}],"version-history":[{"count":1,"href":"https:\/\/alesor.synology.me\/wordpress\/index.php?rest_route=\/wp\/v2\/pages\/3337\/revisions"}],"predecessor-version":[{"id":3339,"href":"https:\/\/alesor.synology.me\/wordpress\/index.php?rest_route=\/wp\/v2\/pages\/3337\/revisions\/3339"}],"wp:attachment":[{"href":"https:\/\/alesor.synology.me\/wordpress\/index.php?rest_route=%2Fwp%2Fv2%2Fmedia&parent=3337"}],"wp:term":[{"taxonomy":"wf_page_folders","embeddable":true,"href":"https:\/\/alesor.synology.me\/wordpress\/index.php?rest_route=%2Fwp%2Fv2%2Fwf_page_folders&post=3337"}],"curies":[{"name":"wp","href":"https:\/\/api.w.org\/{rel}","templated":true}]}}