{"id":3328,"date":"2024-03-12T17:36:52","date_gmt":"2024-03-12T16:36:52","guid":{"rendered":"https:\/\/192.168.1.141\/wordpress\/?page_id=3328"},"modified":"2024-03-12T17:49:06","modified_gmt":"2024-03-12T16:49:06","slug":"perche-ciubo-it","status":"publish","type":"page","link":"https:\/\/alesor.synology.me\/wordpress\/?page_id=3328","title":{"rendered":"Perch\u00e8 Ciubo.it"},"content":{"rendered":"\n<h6 class=\"wp-block-heading\">A Ciubbo ma perch\u00e9 cazzo hai deciso di aprire sto sito? Bella domanda\u2026 La risposta non \u00e8 una sola:<\/h6>\n\n\n\n<h6 class=\"wp-block-heading\">intanto, la mia passione di un tempo per i computer, la programmazione ed internet, mi ha fatto rivivere dei momenti (in fase di apertura del sito) molto movimentati, e i tre eroi (Ciubo-Milord-Kenzio) si sono anche discretamente divertiti.<\/h6>\n\n\n\n<h6 class=\"wp-block-heading\">Il motivo principale per\u00f2 \u00e8 che riguardandomi un vecchio diario del secondo liceo, mi sono accorto di aver studiato (o pi\u00f9 probabilmente non studiato) cose che assolutamente non ricordo. In quel momento ho deciso che sarebbe stato bello tenere una forma evoluta di diario su internet, un posto dove potessi scrivere le cose su di me ma soprattutto ricevere i commenti di chi legge per tenere una traccia di chi sono io, cosa ho fatto, sensazioni che ho provato, pensieri, potermi sfogare, parlare di me e dei miei amici, di come viviamo e cosa facciamo e gradirei che anche loro scrivano qualche articolo, sempre incentrato sull\u2019ottica generale del sito, e lascino i loro pareri sui miei.<\/h6>\n\n\n\n<h6 class=\"wp-block-heading\">Un giorno, con tutti, quando saremo pi\u00f9 grandini ce lo rileggeremo e potremo capire o ricordare molte cose del nostro passato, cose che stanno contribuendo alla nostra formazione, al nostro carattere, alla mentalit\u00e0 del nostro essere\u2026 penseremo \u201cguarda che coglione che ero\u201d oppure \u201cma quanto sono stato scemo\u201d oppure semplicemente ci salir\u00e0 una botta di nostalgia allucinante, che subito dopo si trasformer\u00e0 in felicit\u00e0 perch\u00e9 capiremo quanto siamo stati grandi&#8230;<\/h6>\n\n\n\n<h6 class=\"wp-block-heading\">Qui parleremo della nostra vita, dei nostri problemi, di relazioni fallimentari (di cui io sono il capo, e Milord il mio ministro), delle nostre serate o di qualsiasi altra cosa sentiamo ci manchi&#8230;<\/h6>\n\n\n\n<h6 class=\"wp-block-heading\">Il&nbsp;sito sar\u00e0 composto da:<\/h6>\n\n\n\n<h6 class=\"wp-block-heading\">&#8211;&nbsp;&nbsp;&nbsp;&nbsp;&nbsp;&nbsp;&nbsp;&nbsp;&nbsp;Il blog (alcuni articoli troppo personali per\u00f2 non sono visibili a tutti\u2026)<\/h6>\n\n\n\n<h6 class=\"wp-block-heading\">&#8211;&nbsp;&nbsp;&nbsp;&nbsp;&nbsp;&nbsp;&nbsp;&nbsp;&nbsp;Il forum dove potremo discutere e\/o sparare le peggio stronzate<\/h6>\n\n\n\n<h6 class=\"wp-block-heading\">&#8211;&nbsp;&nbsp;&nbsp;&nbsp;&nbsp;&nbsp;&nbsp;&nbsp;&nbsp;Commenti dei lettori per gli articoli del blog<\/h6>\n\n\n\n<h6 class=\"wp-block-heading\">&#8211;&nbsp;&nbsp;&nbsp;&nbsp;&nbsp;&nbsp;&nbsp;&nbsp;&nbsp;Guestbook ovvero stronzate in libert\u00e0<\/h6>\n\n\n\n<h6 class=\"wp-block-heading\">&#8211;&nbsp;&nbsp;&nbsp;&nbsp;&nbsp;&nbsp;&nbsp;&nbsp;&nbsp;Foto, la parte pi\u00f9 importante, l\u2019uomo che ferma il tempo<\/h6>\n\n\n\n<h6 class=\"wp-block-heading\">&#8211;&nbsp;&nbsp;&nbsp;&nbsp;&nbsp;&nbsp;&nbsp;&nbsp;&nbsp;Sondaggi ovvero vota la cazzatina migliore\u2026<\/h6>\n\n\n\n<h6 class=\"wp-block-heading\">Penso di aver detto tutto sul perch\u00e9 questo sito esiste.. Ricordo i miei affezionati lettori che sono graditissimi commenti, critiche, e che praticamente chiunque voglia pu\u00f2 scrivere gli articoli di questo sito, basta contattarmi\u2026<\/h6>\n\n\n\n<h5 class=\"wp-block-heading\">&nbsp;&nbsp;&nbsp;&nbsp;&nbsp;&nbsp;&nbsp;&nbsp;&nbsp;&nbsp;&nbsp;&nbsp;&nbsp;&nbsp;&nbsp;&nbsp;&nbsp;&nbsp;&nbsp;&nbsp;&nbsp;&nbsp;&nbsp;&nbsp;&nbsp;&nbsp;&nbsp;&nbsp;&nbsp;&nbsp;&nbsp;&nbsp;&nbsp;&nbsp;&nbsp;&nbsp;&nbsp;&nbsp;&nbsp;&nbsp;&nbsp;&nbsp;&nbsp;&nbsp;&nbsp;&nbsp;&nbsp;&nbsp;&nbsp;&nbsp;<em>Ciubo<\/em><\/h5>\n\n\n\n<figure class=\"wp-block-image size-large\"><img fetchpriority=\"high\" decoding=\"async\" width=\"1024\" height=\"679\" src=\"https:\/\/192.168.1.141\/wordpress\/wp-content\/uploads\/2024\/03\/dsc_0330-1024x679.jpg\" alt=\"\" class=\"wp-image-3334\" srcset=\"https:\/\/alesor.synology.me\/wordpress\/wp-content\/uploads\/2024\/03\/dsc_0330-1024x679.jpg 1024w, https:\/\/alesor.synology.me\/wordpress\/wp-content\/uploads\/2024\/03\/dsc_0330-300x199.jpg 300w, https:\/\/alesor.synology.me\/wordpress\/wp-content\/uploads\/2024\/03\/dsc_0330-768x509.jpg 768w, https:\/\/alesor.synology.me\/wordpress\/wp-content\/uploads\/2024\/03\/dsc_0330-1536x1019.jpg 1536w, https:\/\/alesor.synology.me\/wordpress\/wp-content\/uploads\/2024\/03\/dsc_0330-2048x1358.jpg 2048w\" sizes=\"(max-width: 1024px) 100vw, 1024px\" \/><\/figure>\n\n\n\n<figure class=\"wp-block-image size-large\"><img decoding=\"async\" width=\"1024\" height=\"305\" src=\"https:\/\/192.168.1.141\/wordpress\/wp-content\/uploads\/2024\/03\/Screenshot-2024-03-12-alle-17.48.44-1024x305.png\" alt=\"\" class=\"wp-image-3335\" srcset=\"https:\/\/alesor.synology.me\/wordpress\/wp-content\/uploads\/2024\/03\/Screenshot-2024-03-12-alle-17.48.44-1024x305.png 1024w, https:\/\/alesor.synology.me\/wordpress\/wp-content\/uploads\/2024\/03\/Screenshot-2024-03-12-alle-17.48.44-300x89.png 300w, https:\/\/alesor.synology.me\/wordpress\/wp-content\/uploads\/2024\/03\/Screenshot-2024-03-12-alle-17.48.44-768x229.png 768w, https:\/\/alesor.synology.me\/wordpress\/wp-content\/uploads\/2024\/03\/Screenshot-2024-03-12-alle-17.48.44-1536x457.png 1536w, https:\/\/alesor.synology.me\/wordpress\/wp-content\/uploads\/2024\/03\/Screenshot-2024-03-12-alle-17.48.44-2048x610.png 2048w\" sizes=\"(max-width: 1024px) 100vw, 1024px\" \/><\/figure>\n","protected":false},"excerpt":{"rendered":"<p>A Ciubbo ma perch\u00e9 cazzo hai deciso di aprire sto sito? Bella domanda\u2026 La risposta non \u00e8 una sola: intanto, la mia passione di un tempo per i computer, la programmazione ed internet, mi ha fatto rivivere dei momenti (in fase di apertura del sito) molto movimentati, e i tre eroi (Ciubo-Milord-Kenzio) si sono anche [&hellip;]<\/p>\n","protected":false},"author":1,"featured_media":0,"parent":0,"menu_order":0,"comment_status":"closed","ping_status":"closed","template":"","meta":{"ngg_post_thumbnail":0,"footnotes":""},"wf_page_folders":[7],"class_list":["post-3328","page","type-page","status-publish","hentry"],"_links":{"self":[{"href":"https:\/\/alesor.synology.me\/wordpress\/index.php?rest_route=\/wp\/v2\/pages\/3328","targetHints":{"allow":["GET"]}}],"collection":[{"href":"https:\/\/alesor.synology.me\/wordpress\/index.php?rest_route=\/wp\/v2\/pages"}],"about":[{"href":"https:\/\/alesor.synology.me\/wordpress\/index.php?rest_route=\/wp\/v2\/types\/page"}],"author":[{"embeddable":true,"href":"https:\/\/alesor.synology.me\/wordpress\/index.php?rest_route=\/wp\/v2\/users\/1"}],"replies":[{"embeddable":true,"href":"https:\/\/alesor.synology.me\/wordpress\/index.php?rest_route=%2Fwp%2Fv2%2Fcomments&post=3328"}],"version-history":[{"count":2,"href":"https:\/\/alesor.synology.me\/wordpress\/index.php?rest_route=\/wp\/v2\/pages\/3328\/revisions"}],"predecessor-version":[{"id":3336,"href":"https:\/\/alesor.synology.me\/wordpress\/index.php?rest_route=\/wp\/v2\/pages\/3328\/revisions\/3336"}],"wp:attachment":[{"href":"https:\/\/alesor.synology.me\/wordpress\/index.php?rest_route=%2Fwp%2Fv2%2Fmedia&parent=3328"}],"wp:term":[{"taxonomy":"wf_page_folders","embeddable":true,"href":"https:\/\/alesor.synology.me\/wordpress\/index.php?rest_route=%2Fwp%2Fv2%2Fwf_page_folders&post=3328"}],"curies":[{"name":"wp","href":"https:\/\/api.w.org\/{rel}","templated":true}]}}